{"id":9979,"date":"2017-08-24T13:37:08","date_gmt":"2017-08-24T11:37:08","guid":{"rendered":"https:\/\/www.benevolenti.com\/?post_type=product&#038;p=9979\/"},"modified":"2024-12-16T10:57:52","modified_gmt":"2024-12-16T09:57:52","slug":"wish-flower-of-life","status":"publish","type":"product","link":"https:\/\/www.benevolenti.com\/de\/produkt\/wish-flower-of-life\/","title":{"rendered":"WUNSCH ARMBAND Lebensblume"},"content":{"rendered":"<p>Die Blume des Lebens findet sich seit Jahrtausenden als Ornament an den verschiedensten Orten und historischen Bauwerken. Dem Symbol wird eine harmonisierende, sch\u00fctzende Wirkung zugeschrieben und oft wird das Muster als heilige Geometrie bezeichnet, auch weil alle Platonischen K\u00f6rper damit gebildet werden k\u00f6nnen.<\/p>\n<p>925 Silber, ros\u00e9 vergoldetes 925 Silber, 100% Seide.<\/p>\n<p>Das Wunscharmband wird auf einer handgeschriebenen Karte geliefert, mit obigem oder einem pers\u00f6nlichen Wunsch. Bitte beim Auschecken ins Kommentarfeld schreiben.<\/p>\n<p>Versandkostenfrei.<\/p>\n","protected":false},"excerpt":{"rendered":"<p>Die Blume des Lebens findet sich seit Jahrtausenden als Ornament an den verschiedensten Orten und historischen Bauwerken. Dem Symbol wird eine harmonisierende, sch\u00fctzende Wirkung zugeschrieben und oft wird das Muster als heilige Geometrie bezeichnet, auch weil alle Platonischen K\u00f6rper damit gebildet werden k\u00f6nnen. 925 Silber, ros\u00e9 vergoldetes 925 Silber, 100%&#8230; <a class=\"more-link\" href=\"https:\/\/www.benevolenti.com\/de\/produkt\/wish-flower-of-life\/\">Mehr<\/a><\/p>\n","protected":false},"featured_media":9954,"comment_status":"open","ping_status":"closed","template":"","meta":[],"product_brand":[],"product_cat":[587,336],"product_tag":[],"class_list":{"0":"post-9979","1":"product","2":"type-product","3":"status-publish","4":"has-post-thumbnail","6":"product_cat-ausgeglichenheit-gelassenheit","7":"product_cat-seide","9":"first","10":"instock","11":"shipping-taxable","12":"purchasable","13":"product-type-variable"},"jetpack_sharing_enabled":true,"_links":{"self":[{"href":"https:\/\/www.benevolenti.com\/de\/wp-json\/wp\/v2\/product\/9979","targetHints":{"allow":["GET"]}}],"collection":[{"href":"https:\/\/www.benevolenti.com\/de\/wp-json\/wp\/v2\/product"}],"about":[{"href":"https:\/\/www.benevolenti.com\/de\/wp-json\/wp\/v2\/types\/product"}],"replies":[{"embeddable":true,"href":"https:\/\/www.benevolenti.com\/de\/wp-json\/wp\/v2\/comments?post=9979"}],"wp:featuredmedia":[{"embeddable":true,"href":"https:\/\/www.benevolenti.com\/de\/wp-json\/wp\/v2\/media\/9954"}],"wp:attachment":[{"href":"https:\/\/www.benevolenti.com\/de\/wp-json\/wp\/v2\/media?parent=9979"}],"wp:term":[{"taxonomy":"product_brand","embeddable":true,"href":"https:\/\/www.benevolenti.com\/de\/wp-json\/wp\/v2\/product_brand?post=9979"},{"taxonomy":"product_cat","embeddable":true,"href":"https:\/\/www.benevolenti.com\/de\/wp-json\/wp\/v2\/product_cat?post=9979"},{"taxonomy":"product_tag","embeddable":true,"href":"https:\/\/www.benevolenti.com\/de\/wp-json\/wp\/v2\/product_tag?post=9979"}],"curies":[{"name":"wp","href":"https:\/\/api.w.org\/{rel}","templated":true}]}}