{"id":9796,"date":"2023-03-19T09:03:54","date_gmt":"2023-03-19T08:03:54","guid":{"rendered":"https:\/\/www.benevolenti.com\/product\/hedwig\/"},"modified":"2025-01-22T11:36:32","modified_gmt":"2025-01-22T10:36:32","slug":"hedwig","status":"publish","type":"product","link":"https:\/\/www.benevolenti.com\/de\/produkt\/hedwig\/","title":{"rendered":"HALSKETTE Pr\u00fcfung"},"content":{"rendered":"<p>DER Begleiter f\u00fcr die Gymipr\u00fcfung, Abschlusspr\u00fcfung, Zwischenpr\u00fcfung oder einfach als Amulett f\u00fcr die Schulzeit. Hedwig ist die Eule von Harry Potter und die Eule der Minerva ein Symbol f\u00fcr Klugheit und Weisheit. Fluorit ist ein Heilstein, der Konzentration, Fokus und Aufmerksamkeit schenkt.<\/p>\n<p><em>Halskette 40cm und Eule im vergoldeten 925 Silber, quadratisch geschliffener Fluorit, lila ist leider ausverkauft.<br \/>\nEule nur vergoldet erh\u00e4ltlich, bei der Variante in 925 Silber nur mit Steinanh\u00e4nger ohne Eule.<br \/>\n<\/em><em>Sehr gerne personalisiere ich die handgeschriebene Karte, einfach beim Checkout oder per Mail Wunsch und Name angeben.<\/em><\/p>\n","protected":false},"excerpt":{"rendered":"<p>DER Begleiter f\u00fcr die Gymipr\u00fcfung, Abschlusspr\u00fcfung, Zwischenpr\u00fcfung oder einfach als Amulett f\u00fcr die Schulzeit. Hedwig ist die Eule von Harry Potter und die Eule der Minerva ein Symbol f\u00fcr Klugheit und Weisheit. Fluorit ist ein Heilstein, der Konzentration, Fokus und Aufmerksamkeit schenkt. Halskette 40cm und Eule im vergoldeten 925 Silber,&#8230; <a class=\"more-link\" href=\"https:\/\/www.benevolenti.com\/de\/produkt\/hedwig\/\">Mehr<\/a><\/p>\n","protected":false},"featured_media":19463,"comment_status":"open","ping_status":"closed","template":"","meta":[],"product_brand":[],"product_cat":[742,593,728],"product_tag":[637],"class_list":{"0":"post-9796","1":"product","2":"type-product","3":"status-publish","4":"has-post-thumbnail","6":"product_cat-kinderhals-2","7":"product_cat-lernen-konzentration","8":"product_cat-symbolketten","9":"product_tag-fluorit","11":"first","12":"instock","13":"shipping-taxable","14":"purchasable","15":"product-type-variable"},"jetpack_sharing_enabled":true,"_links":{"self":[{"href":"https:\/\/www.benevolenti.com\/de\/wp-json\/wp\/v2\/product\/9796","targetHints":{"allow":["GET"]}}],"collection":[{"href":"https:\/\/www.benevolenti.com\/de\/wp-json\/wp\/v2\/product"}],"about":[{"href":"https:\/\/www.benevolenti.com\/de\/wp-json\/wp\/v2\/types\/product"}],"replies":[{"embeddable":true,"href":"https:\/\/www.benevolenti.com\/de\/wp-json\/wp\/v2\/comments?post=9796"}],"wp:featuredmedia":[{"embeddable":true,"href":"https:\/\/www.benevolenti.com\/de\/wp-json\/wp\/v2\/media\/19463"}],"wp:attachment":[{"href":"https:\/\/www.benevolenti.com\/de\/wp-json\/wp\/v2\/media?parent=9796"}],"wp:term":[{"taxonomy":"product_brand","embeddable":true,"href":"https:\/\/www.benevolenti.com\/de\/wp-json\/wp\/v2\/product_brand?post=9796"},{"taxonomy":"product_cat","embeddable":true,"href":"https:\/\/www.benevolenti.com\/de\/wp-json\/wp\/v2\/product_cat?post=9796"},{"taxonomy":"product_tag","embeddable":true,"href":"https:\/\/www.benevolenti.com\/de\/wp-json\/wp\/v2\/product_tag?post=9796"}],"curies":[{"name":"wp","href":"https:\/\/api.w.org\/{rel}","templated":true}]}}