{"id":9750,"date":"2021-08-08T12:51:00","date_gmt":"2021-08-08T10:51:00","guid":{"rendered":"https:\/\/www.benevolenti.com\/product\/jade-bracelet-2\/"},"modified":"2024-09-18T03:46:58","modified_gmt":"2024-09-18T01:46:58","slug":"jade-bracelet-2","status":"publish","type":"product","link":"https:\/\/www.benevolenti.com\/de\/produkt\/jade-bracelet-2\/","title":{"rendered":"ARMBAND Jade"},"content":{"rendered":"<p>Weisse Jade ist der Stein f\u00fcr Harmonie und Gleichgewicht. Er schenkt Lebenslust und Freude, hilft gleichzeitig auch abzuschalten, ruhiger zu werden und innezuhalten und f\u00f6rdert so die Liebe.<\/p>\n<p>Die Blume des Lebens findet sich seit Jahrtausenden als Ornament an den verschiedensten Orten und historischen Bauwerken. Dem Symbol wird eine harmonisierende, sch\u00fctzende Wirkung zugeschrieben und oft wird das Muster als heilige Geometrie bezeichnet, auch weil alle Platonischen K\u00f6rper damit gebildet werden k\u00f6nnen.<\/p>\n<p>925 Silber ros\u00e9-vergoldet, weisse Jade.<\/p>\n<p>BENEVOLENTI Geschenkschachtel, mit Wunschk\u00e4rtchen und Steinbeschreibung. Gerne auch mit einem pers\u00f6nlich Wunsch.<\/p>\n<p>Ich \u00fcbernehme die Versandkosten!<\/p>\n","protected":false},"excerpt":{"rendered":"<p>Weisse Jade ist der Stein f\u00fcr Harmonie und Gleichgewicht. Er schenkt Lebenslust und Freude, hilft gleichzeitig auch abzuschalten, ruhiger zu werden und innezuhalten und f\u00f6rdert so die Liebe. Die Blume des Lebens findet sich seit Jahrtausenden als Ornament an den verschiedensten Orten und historischen Bauwerken. Dem Symbol wird eine harmonisierende,&#8230; <a class=\"more-link\" href=\"https:\/\/www.benevolenti.com\/de\/produkt\/jade-bracelet-2\/\">Mehr<\/a><\/p>\n","protected":false},"featured_media":17729,"comment_status":"open","ping_status":"closed","template":"","meta":[],"product_brand":[],"product_cat":[587,592,335,679],"product_tag":[668],"class_list":{"0":"post-9750","1":"product","2":"type-product","3":"status-publish","4":"has-post-thumbnail","6":"product_cat-ausgeglichenheit-gelassenheit","7":"product_cat-meditation-yoga","8":"product_cat-steine","9":"product_cat-hochzeit","10":"product_tag-weisse-jade","12":"first","13":"instock","14":"shipping-taxable","15":"purchasable","16":"product-type-variable"},"jetpack_sharing_enabled":true,"_links":{"self":[{"href":"https:\/\/www.benevolenti.com\/de\/wp-json\/wp\/v2\/product\/9750","targetHints":{"allow":["GET"]}}],"collection":[{"href":"https:\/\/www.benevolenti.com\/de\/wp-json\/wp\/v2\/product"}],"about":[{"href":"https:\/\/www.benevolenti.com\/de\/wp-json\/wp\/v2\/types\/product"}],"replies":[{"embeddable":true,"href":"https:\/\/www.benevolenti.com\/de\/wp-json\/wp\/v2\/comments?post=9750"}],"wp:featuredmedia":[{"embeddable":true,"href":"https:\/\/www.benevolenti.com\/de\/wp-json\/wp\/v2\/media\/17729"}],"wp:attachment":[{"href":"https:\/\/www.benevolenti.com\/de\/wp-json\/wp\/v2\/media?parent=9750"}],"wp:term":[{"taxonomy":"product_brand","embeddable":true,"href":"https:\/\/www.benevolenti.com\/de\/wp-json\/wp\/v2\/product_brand?post=9750"},{"taxonomy":"product_cat","embeddable":true,"href":"https:\/\/www.benevolenti.com\/de\/wp-json\/wp\/v2\/product_cat?post=9750"},{"taxonomy":"product_tag","embeddable":true,"href":"https:\/\/www.benevolenti.com\/de\/wp-json\/wp\/v2\/product_tag?post=9750"}],"curies":[{"name":"wp","href":"https:\/\/api.w.org\/{rel}","templated":true}]}}