{"id":9254,"date":"2017-02-27T14:18:05","date_gmt":"2017-02-27T13:18:05","guid":{"rendered":"https:\/\/www.benevolenti.com\/product\/infinite-luck-mala\/"},"modified":"2024-10-14T14:05:47","modified_gmt":"2024-10-14T12:05:47","slug":"infinite-luck-mala","status":"publish","type":"product","link":"https:\/\/www.benevolenti.com\/de\/produkt\/infinite-luck-mala\/","title":{"rendered":"MALA Gl\u00fcck"},"content":{"rendered":"<p>Duftendes Sandelholz, zwei hochwertige Aquamarine und ein handgeschmiedetes, solides 925 Silber Gl\u00fccksblatt Amulett sind die Ingredienzien f\u00fcr dieses luxuri\u00f6se Mala.<\/p>\n<p>Von mir handgekn\u00fcpft auf Seide in Z\u00fcrich.<br \/>\nGr\u00f6sse des Amuletts 4x5cm.<br \/>\n108 Sandelholz-Perlen.<br \/>\nL\u00e4nge Mala ca. 85cm.<br \/>\nWunsch: Viel Gl\u00fcck!<\/p>\n<p>In edler Geschenkschachtel mit Steinwirkungen und Wunschk\u00e4rtchen.<\/p>\n","protected":false},"excerpt":{"rendered":"<p>Duftendes Sandelholz, zwei hochwertige Aquamarine und ein handgeschmiedetes, solides 925 Silber Gl\u00fccksblatt Amulett sind die Ingredienzien f\u00fcr dieses luxuri\u00f6se Mala. Von mir handgekn\u00fcpft auf Seide in Z\u00fcrich. Gr\u00f6sse des Amuletts 4x5cm. 108 Sandelholz-Perlen. L\u00e4nge Mala ca. 85cm. Wunsch: Viel Gl\u00fcck! In edler Geschenkschachtel mit Steinwirkungen und Wunschk\u00e4rtchen.<\/p>\n","protected":false},"featured_media":9321,"comment_status":"open","ping_status":"closed","template":"","meta":[],"product_brand":[],"product_cat":[737,333],"product_tag":[609],"class_list":{"0":"post-9254","1":"product","2":"type-product","3":"status-publish","4":"has-post-thumbnail","6":"product_cat-1oak","7":"product_cat-mala-de","8":"product_tag-aquamarin","10":"first","11":"instock","12":"sold-individually","13":"shipping-taxable","14":"purchasable","15":"product-type-simple"},"jetpack_sharing_enabled":true,"_links":{"self":[{"href":"https:\/\/www.benevolenti.com\/de\/wp-json\/wp\/v2\/product\/9254","targetHints":{"allow":["GET"]}}],"collection":[{"href":"https:\/\/www.benevolenti.com\/de\/wp-json\/wp\/v2\/product"}],"about":[{"href":"https:\/\/www.benevolenti.com\/de\/wp-json\/wp\/v2\/types\/product"}],"replies":[{"embeddable":true,"href":"https:\/\/www.benevolenti.com\/de\/wp-json\/wp\/v2\/comments?post=9254"}],"wp:featuredmedia":[{"embeddable":true,"href":"https:\/\/www.benevolenti.com\/de\/wp-json\/wp\/v2\/media\/9321"}],"wp:attachment":[{"href":"https:\/\/www.benevolenti.com\/de\/wp-json\/wp\/v2\/media?parent=9254"}],"wp:term":[{"taxonomy":"product_brand","embeddable":true,"href":"https:\/\/www.benevolenti.com\/de\/wp-json\/wp\/v2\/product_brand?post=9254"},{"taxonomy":"product_cat","embeddable":true,"href":"https:\/\/www.benevolenti.com\/de\/wp-json\/wp\/v2\/product_cat?post=9254"},{"taxonomy":"product_tag","embeddable":true,"href":"https:\/\/www.benevolenti.com\/de\/wp-json\/wp\/v2\/product_tag?post=9254"}],"curies":[{"name":"wp","href":"https:\/\/api.w.org\/{rel}","templated":true}]}}