{"id":9197,"date":"2020-04-07T18:04:39","date_gmt":"2020-04-07T16:04:39","guid":{"rendered":"https:\/\/www.benevolenti.com\/?post_type=product&#038;p=9197"},"modified":"2020-04-21T22:47:41","modified_gmt":"2020-04-21T20:47:41","slug":"morse-bracelet","status":"publish","type":"product","link":"https:\/\/www.benevolenti.com\/de\/produkt\/morse-bracelet\/","title":{"rendered":"MORSE Geheimbotschaften"},"content":{"rendered":"<p>Eine Geheimbotschaft f\u00fcrs Handgelenk!<\/p>\n<p>Ob f\u00fcr die beste Freundin, als Mitbringsel f\u00fcr die Gastgeberin oder als Erinnerung f\u00fcrs eigene Handgelenk, die BENEVOLENTI Morse Armb\u00e4ndchen passen immer.<\/p>\n<p>100% Naturseide.<br \/>\n(vergoldetes) 925 Silber.<br \/>\nEdelsteine (Muskovit, Citrin, Morganit, Aventurin, Amazonit, Aquamarin, Lapislazuli, Labradorit, Turitella Jaspis, Iolith, Heliotrop und Chalcedon. Achtung, der Morganit ist ein Beryll!)<\/p>\n<p>Gerne auch Anfragen f\u00fcr ganz spezifische Botschaften: claudia(at)benevolenti.com<\/p>\n","protected":false},"excerpt":{"rendered":"<p>Eine Geheimbotschaft f\u00fcrs Handgelenk! Ob f\u00fcr die beste Freundin, als Mitbringsel f\u00fcr die Gastgeberin oder als Erinnerung f\u00fcrs eigene Handgelenk, die BENEVOLENTI Morse Armb\u00e4ndchen passen immer. 100% Naturseide. (vergoldetes) 925 Silber. Edelsteine (Muskovit, Citrin, Morganit, Aventurin, Amazonit, Aquamarin, Lapislazuli, Labradorit, Turitella Jaspis, Iolith, Heliotrop und Chalcedon. Achtung, der Morganit ist&#8230; <a class=\"more-link\" href=\"https:\/\/www.benevolenti.com\/de\/produkt\/morse-bracelet\/\">Mehr<\/a><\/p>\n","protected":false},"featured_media":10914,"comment_status":"open","ping_status":"closed","template":"","meta":[],"product_brand":[],"product_cat":[336,642],"product_tag":[600,609,619,712,689,601,602,627,711,634,598,636,605],"class_list":{"0":"post-9197","1":"product","2":"type-product","3":"status-publish","4":"has-post-thumbnail","6":"product_cat-seide","7":"product_cat-mitbringsel","8":"product_tag-amazonit","9":"product_tag-aquamarin","10":"product_tag-aventurin","11":"product_tag-beryll","12":"product_tag-chalcedon","13":"product_tag-citrin","14":"product_tag-heliotrop","15":"product_tag-iolith","16":"product_tag-jaspis","17":"product_tag-labradorit","18":"product_tag-lapislazuli","19":"product_tag-lepidolith","20":"product_tag-muskovit","22":"first","23":"instock","24":"shipping-taxable","25":"purchasable","26":"product-type-variable"},"jetpack_sharing_enabled":true,"_links":{"self":[{"href":"https:\/\/www.benevolenti.com\/de\/wp-json\/wp\/v2\/product\/9197","targetHints":{"allow":["GET"]}}],"collection":[{"href":"https:\/\/www.benevolenti.com\/de\/wp-json\/wp\/v2\/product"}],"about":[{"href":"https:\/\/www.benevolenti.com\/de\/wp-json\/wp\/v2\/types\/product"}],"replies":[{"embeddable":true,"href":"https:\/\/www.benevolenti.com\/de\/wp-json\/wp\/v2\/comments?post=9197"}],"wp:featuredmedia":[{"embeddable":true,"href":"https:\/\/www.benevolenti.com\/de\/wp-json\/wp\/v2\/media\/10914"}],"wp:attachment":[{"href":"https:\/\/www.benevolenti.com\/de\/wp-json\/wp\/v2\/media?parent=9197"}],"wp:term":[{"taxonomy":"product_brand","embeddable":true,"href":"https:\/\/www.benevolenti.com\/de\/wp-json\/wp\/v2\/product_brand?post=9197"},{"taxonomy":"product_cat","embeddable":true,"href":"https:\/\/www.benevolenti.com\/de\/wp-json\/wp\/v2\/product_cat?post=9197"},{"taxonomy":"product_tag","embeddable":true,"href":"https:\/\/www.benevolenti.com\/de\/wp-json\/wp\/v2\/product_tag?post=9197"}],"curies":[{"name":"wp","href":"https:\/\/api.w.org\/{rel}","templated":true}]}}