{"id":9103,"date":"2023-01-16T22:19:02","date_gmt":"2023-01-16T21:19:02","guid":{"rendered":"https:\/\/www.benevolenti.com\/product\/karma-necklace\/"},"modified":"2024-12-04T09:46:53","modified_gmt":"2024-12-04T08:46:53","slug":"karma-necklace","status":"publish","type":"product","link":"https:\/\/www.benevolenti.com\/de\/produkt\/karma-necklace\/","title":{"rendered":"SYMBOLKETTE Karma"},"content":{"rendered":"<p>Diese Kette ist ein edler Hingucker.<br \/>\nSuperfein aber trotzdem auff\u00e4llig.<br \/>\nClassy und gleichzeitig cool.<\/p>\n<p>925 Silber, vergoldet.<br \/>\nL\u00e4nge 42cm.<br \/>\nIm Nacken ein kleine Jade f\u00fcr Ausgeglichenheit.<\/p>\n","protected":false},"excerpt":{"rendered":"<p>Diese Kette ist ein edler Hingucker. Superfein aber trotzdem auff\u00e4llig. Classy und gleichzeitig cool. 925 Silber, vergoldet. L\u00e4nge 42cm. Im Nacken ein kleine Jade f\u00fcr Ausgeglichenheit.<\/p>\n","protected":false},"featured_media":19441,"comment_status":"open","ping_status":"closed","template":"","meta":[],"product_brand":[],"product_cat":[587,592,728],"product_tag":[245],"class_list":{"0":"post-9103","1":"product","2":"type-product","3":"status-publish","4":"has-post-thumbnail","6":"product_cat-ausgeglichenheit-gelassenheit","7":"product_cat-meditation-yoga","8":"product_cat-symbolketten","9":"product_tag-jade-de","11":"first","12":"instock","13":"shipping-taxable","14":"product-type-variable","15":"has-default-attributes"},"jetpack_sharing_enabled":true,"_links":{"self":[{"href":"https:\/\/www.benevolenti.com\/de\/wp-json\/wp\/v2\/product\/9103","targetHints":{"allow":["GET"]}}],"collection":[{"href":"https:\/\/www.benevolenti.com\/de\/wp-json\/wp\/v2\/product"}],"about":[{"href":"https:\/\/www.benevolenti.com\/de\/wp-json\/wp\/v2\/types\/product"}],"replies":[{"embeddable":true,"href":"https:\/\/www.benevolenti.com\/de\/wp-json\/wp\/v2\/comments?post=9103"}],"wp:featuredmedia":[{"embeddable":true,"href":"https:\/\/www.benevolenti.com\/de\/wp-json\/wp\/v2\/media\/19441"}],"wp:attachment":[{"href":"https:\/\/www.benevolenti.com\/de\/wp-json\/wp\/v2\/media?parent=9103"}],"wp:term":[{"taxonomy":"product_brand","embeddable":true,"href":"https:\/\/www.benevolenti.com\/de\/wp-json\/wp\/v2\/product_brand?post=9103"},{"taxonomy":"product_cat","embeddable":true,"href":"https:\/\/www.benevolenti.com\/de\/wp-json\/wp\/v2\/product_cat?post=9103"},{"taxonomy":"product_tag","embeddable":true,"href":"https:\/\/www.benevolenti.com\/de\/wp-json\/wp\/v2\/product_tag?post=9103"}],"curies":[{"name":"wp","href":"https:\/\/api.w.org\/{rel}","templated":true}]}}