{"id":8917,"date":"2016-12-01T08:35:11","date_gmt":"2016-12-01T07:35:11","guid":{"rendered":"https:\/\/www.benevolenti.com\/product\/bracelet-leather-gem-2\/"},"modified":"2018-10-24T10:12:34","modified_gmt":"2018-10-24T08:12:34","slug":"bracelet-leather-gem-2","status":"publish","type":"product","link":"https:\/\/www.benevolenti.com\/de\/produkt\/bracelet-leather-gem-2\/","title":{"rendered":"KOMBI Leder Stein"},"content":{"rendered":"<div class=\"woocommerce-tabs wc-tabs-wrapper\">\n<div class=\"woocommerce-Tabs-panel woocommerce-Tabs-panel--description panel entry-content wc-tab\" id=\"tab-description\" role=\"tabpanel\" aria-labelledby=\"tab-title-description\">\n<p>925 Silber, schwarzes Leder in super Qualit\u00e4t und Lieblingssteine sind die Ingredienzien f\u00fcr diese klassische und gleichzeitig luxuri\u00f6se Kombination.<\/p>\n<p>Folgende Steine und W\u00fcnsche stehen zur Auswahl:<br \/>\nBronzit \u2013 matt braun \u2013 Stay cool!<br \/>\nMookait \u2013 matt farbig \u2013 Stay strong and curious!<br \/>\nTurmalin \u2013 schwarz \u2013 Stay safe and sound!<\/p>\n<p>Bitte den Umfang des Handgelenks angeben!<br \/>\n19-21 cm: S (nat\u00fcrlich auch f\u00fcr Ladies!)<br \/>\n21-23 cm: M<br \/>\n23-25 cm: L<br \/>\n&gt; 25 cm: XL<\/p>\n<p>In der klassischen BENEVOLENTI Geschenkverpackung.<\/p>\n<\/div>\n<\/div>\n<section class=\"up-sells upsells products\"><\/section>\n","protected":false},"excerpt":{"rendered":"<p>925 Silber, schwarzes Leder in super Qualit\u00e4t und Lieblingssteine sind die Ingredienzien f\u00fcr diese klassische und gleichzeitig luxuri\u00f6se Kombination. Folgende Steine und W\u00fcnsche stehen zur Auswahl: Bronzit \u2013 matt braun \u2013 Stay cool! Mookait \u2013 matt farbig \u2013 Stay strong and curious! Turmalin \u2013 schwarz \u2013 Stay safe and sound!&#8230; <a class=\"more-link\" href=\"https:\/\/www.benevolenti.com\/de\/produkt\/bracelet-leather-gem-2\/\">Mehr<\/a><\/p>\n","protected":false},"featured_media":10539,"comment_status":"open","ping_status":"closed","template":"","meta":[],"product_brand":[],"product_cat":[644,124],"product_tag":[452,454,604],"class_list":{"0":"post-8917","1":"product","2":"type-product","3":"status-publish","4":"has-post-thumbnail","6":"product_cat-geschenke-fuer-ihn","7":"product_cat-fur-ihn","8":"product_tag-bronzit","9":"product_tag-mookait","10":"product_tag-schwarzer-turmalin","12":"first","13":"instock","14":"shipping-taxable","15":"purchasable","16":"product-type-variable"},"jetpack_sharing_enabled":true,"_links":{"self":[{"href":"https:\/\/www.benevolenti.com\/de\/wp-json\/wp\/v2\/product\/8917","targetHints":{"allow":["GET"]}}],"collection":[{"href":"https:\/\/www.benevolenti.com\/de\/wp-json\/wp\/v2\/product"}],"about":[{"href":"https:\/\/www.benevolenti.com\/de\/wp-json\/wp\/v2\/types\/product"}],"replies":[{"embeddable":true,"href":"https:\/\/www.benevolenti.com\/de\/wp-json\/wp\/v2\/comments?post=8917"}],"wp:featuredmedia":[{"embeddable":true,"href":"https:\/\/www.benevolenti.com\/de\/wp-json\/wp\/v2\/media\/10539"}],"wp:attachment":[{"href":"https:\/\/www.benevolenti.com\/de\/wp-json\/wp\/v2\/media?parent=8917"}],"wp:term":[{"taxonomy":"product_brand","embeddable":true,"href":"https:\/\/www.benevolenti.com\/de\/wp-json\/wp\/v2\/product_brand?post=8917"},{"taxonomy":"product_cat","embeddable":true,"href":"https:\/\/www.benevolenti.com\/de\/wp-json\/wp\/v2\/product_cat?post=8917"},{"taxonomy":"product_tag","embeddable":true,"href":"https:\/\/www.benevolenti.com\/de\/wp-json\/wp\/v2\/product_tag?post=8917"}],"curies":[{"name":"wp","href":"https:\/\/api.w.org\/{rel}","templated":true}]}}