{"id":8734,"date":"2016-10-06T13:50:28","date_gmt":"2016-10-06T11:50:28","guid":{"rendered":"https:\/\/www.benevolenti.com\/product\/halskette-zitronentopas\/"},"modified":"2016-10-06T13:54:47","modified_gmt":"2016-10-06T11:54:47","slug":"halskette-zitronentopas","status":"publish","type":"product","link":"https:\/\/www.benevolenti.com\/de\/produkt\/halskette-zitronentopas\/","title":{"rendered":"Halskette Zitronentopas"},"content":{"rendered":"<p>Ein facettierter, Zitronentopas von unglaublicher Qualit\u00e4t. Er st\u00e4rkt die Selbstsicherheit.<\/p>\n<p>An 40-42cm langer Kette, in 925 Silber, vergoldet oder ros\u00e9-vergoldet.<\/p>\n","protected":false},"excerpt":{"rendered":"<p>Ein facettierter, Zitronentopas von unglaublicher Qualit\u00e4t. Er st\u00e4rkt die Selbstsicherheit. An 40-42cm langer Kette, in 925 Silber, vergoldet oder ros\u00e9-vergoldet.<\/p>\n","protected":false},"featured_media":8714,"comment_status":"open","ping_status":"closed","template":"","meta":[],"product_brand":[],"product_cat":[394],"product_tag":[286,132],"class_list":{"0":"post-8734","1":"product","2":"type-product","3":"status-publish","4":"has-post-thumbnail","6":"product_cat-unkategorisiert","7":"product_tag-yellow-2","8":"product_tag-halskette","10":"first","11":"instock","12":"shipping-taxable","13":"purchasable","14":"product-type-variable"},"jetpack_sharing_enabled":true,"_links":{"self":[{"href":"https:\/\/www.benevolenti.com\/de\/wp-json\/wp\/v2\/product\/8734","targetHints":{"allow":["GET"]}}],"collection":[{"href":"https:\/\/www.benevolenti.com\/de\/wp-json\/wp\/v2\/product"}],"about":[{"href":"https:\/\/www.benevolenti.com\/de\/wp-json\/wp\/v2\/types\/product"}],"replies":[{"embeddable":true,"href":"https:\/\/www.benevolenti.com\/de\/wp-json\/wp\/v2\/comments?post=8734"}],"wp:featuredmedia":[{"embeddable":true,"href":"https:\/\/www.benevolenti.com\/de\/wp-json\/wp\/v2\/media\/8714"}],"wp:attachment":[{"href":"https:\/\/www.benevolenti.com\/de\/wp-json\/wp\/v2\/media?parent=8734"}],"wp:term":[{"taxonomy":"product_brand","embeddable":true,"href":"https:\/\/www.benevolenti.com\/de\/wp-json\/wp\/v2\/product_brand?post=8734"},{"taxonomy":"product_cat","embeddable":true,"href":"https:\/\/www.benevolenti.com\/de\/wp-json\/wp\/v2\/product_cat?post=8734"},{"taxonomy":"product_tag","embeddable":true,"href":"https:\/\/www.benevolenti.com\/de\/wp-json\/wp\/v2\/product_tag?post=8734"}],"curies":[{"name":"wp","href":"https:\/\/api.w.org\/{rel}","templated":true}]}}