{"id":8642,"date":"2020-04-01T10:41:42","date_gmt":"2020-04-01T08:41:42","guid":{"rendered":"https:\/\/www.benevolenti.com\/product\/star-necklace\/"},"modified":"2024-11-10T12:34:03","modified_gmt":"2024-11-10T11:34:03","slug":"star-necklace","status":"publish","type":"product","link":"https:\/\/www.benevolenti.com\/de\/produkt\/star-necklace\/","title":{"rendered":"SYMBOLKETTE Stern"},"content":{"rendered":"<p>Ein kleiner, feiner Stern funkelt am Hals, ein Hingucker f\u00fcr jeden Tag.<br \/>\nIm Nacken baumelt ein facettierter Lapislazuli im st\u00e4rksten Blau auf Erden.<\/p>\n<p>In 925 Silber, vergoldet oder ros\u00e9-vergoldet.<br \/>\nL\u00e4nge 40cm. Auf Wunsch auch l\u00e4nger.<\/p>\n","protected":false},"excerpt":{"rendered":"<p>Ein kleiner, feiner Stern funkelt am Hals, ein Hingucker f\u00fcr jeden Tag. Im Nacken baumelt ein facettierter Lapislazuli im st\u00e4rksten Blau auf Erden. In 925 Silber, vergoldet oder ros\u00e9-vergoldet. L\u00e4nge 40cm. Auf Wunsch auch l\u00e4nger.<\/p>\n","protected":false},"featured_media":8652,"comment_status":"open","ping_status":"closed","template":"","meta":[],"product_brand":[],"product_cat":[728,650],"product_tag":[598],"class_list":{"0":"post-8642","1":"product","2":"type-product","3":"status-publish","4":"has-post-thumbnail","6":"product_cat-symbolketten","7":"product_cat-geburt-taufe-konf","8":"product_tag-lapislazuli","10":"first","11":"instock","12":"shipping-taxable","13":"purchasable","14":"product-type-variable","15":"has-default-attributes"},"jetpack_sharing_enabled":true,"_links":{"self":[{"href":"https:\/\/www.benevolenti.com\/de\/wp-json\/wp\/v2\/product\/8642","targetHints":{"allow":["GET"]}}],"collection":[{"href":"https:\/\/www.benevolenti.com\/de\/wp-json\/wp\/v2\/product"}],"about":[{"href":"https:\/\/www.benevolenti.com\/de\/wp-json\/wp\/v2\/types\/product"}],"replies":[{"embeddable":true,"href":"https:\/\/www.benevolenti.com\/de\/wp-json\/wp\/v2\/comments?post=8642"}],"wp:featuredmedia":[{"embeddable":true,"href":"https:\/\/www.benevolenti.com\/de\/wp-json\/wp\/v2\/media\/8652"}],"wp:attachment":[{"href":"https:\/\/www.benevolenti.com\/de\/wp-json\/wp\/v2\/media?parent=8642"}],"wp:term":[{"taxonomy":"product_brand","embeddable":true,"href":"https:\/\/www.benevolenti.com\/de\/wp-json\/wp\/v2\/product_brand?post=8642"},{"taxonomy":"product_cat","embeddable":true,"href":"https:\/\/www.benevolenti.com\/de\/wp-json\/wp\/v2\/product_cat?post=8642"},{"taxonomy":"product_tag","embeddable":true,"href":"https:\/\/www.benevolenti.com\/de\/wp-json\/wp\/v2\/product_tag?post=8642"}],"curies":[{"name":"wp","href":"https:\/\/api.w.org\/{rel}","templated":true}]}}