{"id":8585,"date":"2016-09-22T09:03:09","date_gmt":"2016-09-22T07:03:09","guid":{"rendered":"https:\/\/www.benevolenti.com\/product\/diamond-necklace\/"},"modified":"2022-04-04T09:16:08","modified_gmt":"2022-04-04T07:16:08","slug":"diamond-necklace","status":"publish","type":"product","link":"https:\/\/www.benevolenti.com\/de\/produkt\/diamond-necklace\/","title":{"rendered":"SYMBOLKETTE Diamant"},"content":{"rendered":"<p>Ein starkes Symbol und zwei starke Steine zur Auswahl dazu.<br \/>\nF\u00fcr die Extraportion Erfolg.<\/p>\n<p>Farbe w\u00e4hlbar: 925 Silber, 925 Silber vergoldet oder 925 Silber ros\u00e9-vergoldet<br \/>\nStein w\u00e4hlbar: Onyx (schwarz), Apatit (blaugr\u00fcn)<\/p>\n<p>L\u00e4nge: 40cm oder 45cm<br \/>\nGr\u00f6sse Diamant: ca. 1cm<\/p>\n","protected":false},"excerpt":{"rendered":"<p>Ein starkes Symbol und zwei starke Steine zur Auswahl dazu. F\u00fcr die Extraportion Erfolg. Farbe w\u00e4hlbar: 925 Silber, 925 Silber vergoldet oder 925 Silber ros\u00e9-vergoldet Stein w\u00e4hlbar: Onyx (schwarz), Apatit (blaugr\u00fcn) L\u00e4nge: 40cm oder 45cm Gr\u00f6sse Diamant: ca. 1cm<\/p>\n","protected":false},"featured_media":8596,"comment_status":"open","ping_status":"closed","template":"","meta":[],"product_brand":[],"product_cat":[594,728],"product_tag":[612,611],"class_list":{"0":"post-8585","1":"product","2":"type-product","3":"status-publish","4":"has-post-thumbnail","6":"product_cat-erfolg-selbstvertrauen","7":"product_cat-symbolketten","8":"product_tag-apatit","9":"product_tag-onyx","11":"first","12":"instock","13":"shipping-taxable","14":"purchasable","15":"product-type-variable"},"jetpack_sharing_enabled":true,"_links":{"self":[{"href":"https:\/\/www.benevolenti.com\/de\/wp-json\/wp\/v2\/product\/8585","targetHints":{"allow":["GET"]}}],"collection":[{"href":"https:\/\/www.benevolenti.com\/de\/wp-json\/wp\/v2\/product"}],"about":[{"href":"https:\/\/www.benevolenti.com\/de\/wp-json\/wp\/v2\/types\/product"}],"replies":[{"embeddable":true,"href":"https:\/\/www.benevolenti.com\/de\/wp-json\/wp\/v2\/comments?post=8585"}],"wp:featuredmedia":[{"embeddable":true,"href":"https:\/\/www.benevolenti.com\/de\/wp-json\/wp\/v2\/media\/8596"}],"wp:attachment":[{"href":"https:\/\/www.benevolenti.com\/de\/wp-json\/wp\/v2\/media?parent=8585"}],"wp:term":[{"taxonomy":"product_brand","embeddable":true,"href":"https:\/\/www.benevolenti.com\/de\/wp-json\/wp\/v2\/product_brand?post=8585"},{"taxonomy":"product_cat","embeddable":true,"href":"https:\/\/www.benevolenti.com\/de\/wp-json\/wp\/v2\/product_cat?post=8585"},{"taxonomy":"product_tag","embeddable":true,"href":"https:\/\/www.benevolenti.com\/de\/wp-json\/wp\/v2\/product_tag?post=8585"}],"curies":[{"name":"wp","href":"https:\/\/api.w.org\/{rel}","templated":true}]}}