{"id":8480,"date":"2016-09-16T12:32:09","date_gmt":"2016-09-16T10:32:09","guid":{"rendered":"https:\/\/www.benevolenti.com\/?post_type=product&#038;p=8480"},"modified":"2022-04-04T09:20:39","modified_gmt":"2022-04-04T07:20:39","slug":"halskette-spinell-tropfen","status":"publish","type":"product","link":"https:\/\/www.benevolenti.com\/de\/produkt\/halskette-spinell-tropfen\/","title":{"rendered":"TROPFENKETTE Spinell"},"content":{"rendered":"<p>Der Tropfen als Symbol steht f\u00fcr Wasser, Wasser wiederum f\u00fcr Leben.<\/p>\n<p>Schwarzer Spinell, in einer facettierten Tropfenform, an einer feinen, vergoldeten Kette.<br \/>\nEin Lieblingsst\u00fcck f\u00fcr jeden Tag, stark in der Wirkung, leicht zum Tragen.<\/p>\n<p>Halskette mit L\u00e4nge 40cm.<\/p>\n<p>F\u00fcr eine pers\u00f6nliche L\u00e4nge oder Widmung bitte Angabe beim Auschecken machen.<\/p>\n","protected":false},"excerpt":{"rendered":"<p>Der Tropfen als Symbol steht f\u00fcr Wasser, Wasser wiederum f\u00fcr Leben. Schwarzer Spinell, in einer facettierten Tropfenform, an einer feinen, vergoldeten Kette. Ein Lieblingsst\u00fcck f\u00fcr jeden Tag, stark in der Wirkung, leicht zum Tragen. Halskette mit L\u00e4nge 40cm. F\u00fcr eine pers\u00f6nliche L\u00e4nge oder Widmung bitte Angabe beim Auschecken machen.<\/p>\n","protected":false},"featured_media":17691,"comment_status":"open","ping_status":"closed","template":"","meta":[],"product_brand":[],"product_cat":[590,727],"product_tag":[625],"class_list":{"0":"post-8480","1":"product","2":"type-product","3":"status-publish","4":"has-post-thumbnail","6":"product_cat-hoffnungzuversicht","7":"product_cat-tropfenketten","8":"product_tag-spinell","10":"first","11":"instock","12":"shipping-taxable","13":"purchasable","14":"product-type-variable"},"jetpack_sharing_enabled":true,"_links":{"self":[{"href":"https:\/\/www.benevolenti.com\/de\/wp-json\/wp\/v2\/product\/8480","targetHints":{"allow":["GET"]}}],"collection":[{"href":"https:\/\/www.benevolenti.com\/de\/wp-json\/wp\/v2\/product"}],"about":[{"href":"https:\/\/www.benevolenti.com\/de\/wp-json\/wp\/v2\/types\/product"}],"replies":[{"embeddable":true,"href":"https:\/\/www.benevolenti.com\/de\/wp-json\/wp\/v2\/comments?post=8480"}],"wp:featuredmedia":[{"embeddable":true,"href":"https:\/\/www.benevolenti.com\/de\/wp-json\/wp\/v2\/media\/17691"}],"wp:attachment":[{"href":"https:\/\/www.benevolenti.com\/de\/wp-json\/wp\/v2\/media?parent=8480"}],"wp:term":[{"taxonomy":"product_brand","embeddable":true,"href":"https:\/\/www.benevolenti.com\/de\/wp-json\/wp\/v2\/product_brand?post=8480"},{"taxonomy":"product_cat","embeddable":true,"href":"https:\/\/www.benevolenti.com\/de\/wp-json\/wp\/v2\/product_cat?post=8480"},{"taxonomy":"product_tag","embeddable":true,"href":"https:\/\/www.benevolenti.com\/de\/wp-json\/wp\/v2\/product_tag?post=8480"}],"curies":[{"name":"wp","href":"https:\/\/api.w.org\/{rel}","templated":true}]}}