{"id":8385,"date":"2023-10-16T10:51:17","date_gmt":"2023-10-16T08:51:17","guid":{"rendered":"https:\/\/www.benevolenti.com\/?post_type=product&#038;p=8385"},"modified":"2024-11-17T08:16:09","modified_gmt":"2024-11-17T07:16:09","slug":"symbolkette-mond","status":"publish","type":"product","link":"https:\/\/www.benevolenti.com\/de\/produkt\/symbolkette-mond\/","title":{"rendered":"HALSKETTE &#8211; Mond"},"content":{"rendered":"<p>Matt schimmernde Monde in 925 Silber, gelb oder ros\u00e9 vergoldet, begleitet von einem facettierten Mondstein.<\/p>\n<p>Mondstein unterst\u00fctzt in gr\u00f6sseren hormonellen Ver\u00e4nderungen, sei es in der Pubert\u00e4t oder in der Menopause.<\/p>\n<p>L\u00e4nge der Halskette von 40 cm.<\/p>\n","protected":false},"excerpt":{"rendered":"<p>Matt schimmernde Monde in 925 Silber, gelb oder ros\u00e9 vergoldet, begleitet von einem facettierten Mondstein. Mondstein unterst\u00fctzt in gr\u00f6sseren hormonellen Ver\u00e4nderungen, sei es in der Pubert\u00e4t oder in der Menopause. L\u00e4nge der Halskette von 40 cm.<\/p>\n","protected":false},"featured_media":21068,"comment_status":"open","ping_status":"closed","template":"","meta":[],"product_brand":[],"product_cat":[587,648,728],"product_tag":[217],"class_list":{"0":"post-8385","1":"product","2":"type-product","3":"status-publish","4":"has-post-thumbnail","6":"product_cat-ausgeglichenheit-gelassenheit","7":"product_cat-schwangerschaft","8":"product_cat-symbolketten","9":"product_tag-mondstein","11":"first","12":"instock","13":"shipping-taxable","14":"purchasable","15":"product-type-variable","16":"has-default-attributes"},"jetpack_sharing_enabled":true,"_links":{"self":[{"href":"https:\/\/www.benevolenti.com\/de\/wp-json\/wp\/v2\/product\/8385","targetHints":{"allow":["GET"]}}],"collection":[{"href":"https:\/\/www.benevolenti.com\/de\/wp-json\/wp\/v2\/product"}],"about":[{"href":"https:\/\/www.benevolenti.com\/de\/wp-json\/wp\/v2\/types\/product"}],"replies":[{"embeddable":true,"href":"https:\/\/www.benevolenti.com\/de\/wp-json\/wp\/v2\/comments?post=8385"}],"wp:featuredmedia":[{"embeddable":true,"href":"https:\/\/www.benevolenti.com\/de\/wp-json\/wp\/v2\/media\/21068"}],"wp:attachment":[{"href":"https:\/\/www.benevolenti.com\/de\/wp-json\/wp\/v2\/media?parent=8385"}],"wp:term":[{"taxonomy":"product_brand","embeddable":true,"href":"https:\/\/www.benevolenti.com\/de\/wp-json\/wp\/v2\/product_brand?post=8385"},{"taxonomy":"product_cat","embeddable":true,"href":"https:\/\/www.benevolenti.com\/de\/wp-json\/wp\/v2\/product_cat?post=8385"},{"taxonomy":"product_tag","embeddable":true,"href":"https:\/\/www.benevolenti.com\/de\/wp-json\/wp\/v2\/product_tag?post=8385"}],"curies":[{"name":"wp","href":"https:\/\/api.w.org\/{rel}","templated":true}]}}