{"id":8284,"date":"2016-09-16T09:05:39","date_gmt":"2016-09-16T07:05:39","guid":{"rendered":"https:\/\/www.benevolenti.com\/?post_type=product&#038;p=8284"},"modified":"2021-09-27T08:32:12","modified_gmt":"2021-09-27T06:32:12","slug":"diamond-bracelet","status":"publish","type":"product","link":"https:\/\/www.benevolenti.com\/de\/produkt\/diamond-bracelet\/","title":{"rendered":"ARMKETTE Diamant"},"content":{"rendered":"<p>Ein starkes Symbol f\u00fcr Erfolg.<br \/>\nBegleitet von einem starken Stein f\u00fcr Erfolg.<\/p>\n<p>925 Silber, vergoldet in Gelb- oder Ros\u00e9gold.<br \/>\nOnyx (schwarz) oder Apatit (petrol, blau).<br \/>\nGerne auch personalisiert \u2013 einfach beim Checkout Vornamen bzw. Wunsch angeben.<\/p>\n<p>Umfang des\u00a0Handgelenks (zum Verschenken passt zu 95% die Gr\u00f6sse M):<\/p>\n<p>14-15 cm: XS<br \/>\n15-16 cm: S<br \/>\n16-17 cm: M<br \/>\n&gt; 17 cm: L<\/p>\n","protected":false},"excerpt":{"rendered":"<p>Ein starkes Symbol f\u00fcr Erfolg. Begleitet von einem starken Stein f\u00fcr Erfolg. 925 Silber, vergoldet in Gelb- oder Ros\u00e9gold. Onyx (schwarz) oder Apatit (petrol, blau). Gerne auch personalisiert \u2013 einfach beim Checkout Vornamen bzw. Wunsch angeben. Umfang des\u00a0Handgelenks (zum Verschenken passt zu 95% die Gr\u00f6sse M): 14-15 cm: XS 15-16&#8230; <a class=\"more-link\" href=\"https:\/\/www.benevolenti.com\/de\/produkt\/diamond-bracelet\/\">Mehr<\/a><\/p>\n","protected":false},"featured_media":8297,"comment_status":"open","ping_status":"closed","template":"","meta":[],"product_brand":[],"product_cat":[594,338],"product_tag":[612,611],"class_list":{"0":"post-8284","1":"product","2":"type-product","3":"status-publish","4":"has-post-thumbnail","6":"product_cat-erfolg-selbstvertrauen","7":"product_cat-silber","8":"product_tag-apatit","9":"product_tag-onyx","11":"first","12":"instock","13":"shipping-taxable","14":"purchasable","15":"product-type-variable"},"jetpack_sharing_enabled":true,"_links":{"self":[{"href":"https:\/\/www.benevolenti.com\/de\/wp-json\/wp\/v2\/product\/8284","targetHints":{"allow":["GET"]}}],"collection":[{"href":"https:\/\/www.benevolenti.com\/de\/wp-json\/wp\/v2\/product"}],"about":[{"href":"https:\/\/www.benevolenti.com\/de\/wp-json\/wp\/v2\/types\/product"}],"replies":[{"embeddable":true,"href":"https:\/\/www.benevolenti.com\/de\/wp-json\/wp\/v2\/comments?post=8284"}],"wp:featuredmedia":[{"embeddable":true,"href":"https:\/\/www.benevolenti.com\/de\/wp-json\/wp\/v2\/media\/8297"}],"wp:attachment":[{"href":"https:\/\/www.benevolenti.com\/de\/wp-json\/wp\/v2\/media?parent=8284"}],"wp:term":[{"taxonomy":"product_brand","embeddable":true,"href":"https:\/\/www.benevolenti.com\/de\/wp-json\/wp\/v2\/product_brand?post=8284"},{"taxonomy":"product_cat","embeddable":true,"href":"https:\/\/www.benevolenti.com\/de\/wp-json\/wp\/v2\/product_cat?post=8284"},{"taxonomy":"product_tag","embeddable":true,"href":"https:\/\/www.benevolenti.com\/de\/wp-json\/wp\/v2\/product_tag?post=8284"}],"curies":[{"name":"wp","href":"https:\/\/api.w.org\/{rel}","templated":true}]}}