{"id":8213,"date":"2016-09-08T15:18:36","date_gmt":"2016-09-08T13:18:36","guid":{"rendered":"https:\/\/www.benevolenti.com\/?post_type=product&#038;p=8213"},"modified":"2018-10-12T09:10:26","modified_gmt":"2018-10-12T07:10:26","slug":"karma-bracelet","status":"publish","type":"product","link":"https:\/\/www.benevolenti.com\/de\/produkt\/karma-bracelet\/","title":{"rendered":"WUNSCHARMBAND Karma"},"content":{"rendered":"<p>NEU AUCH ROS\u00c9-VERGOLDET!<\/p>\n<p>Ein wunderbar reduziertes, aber auch auff\u00e4lliges Armand, wenn etwas \u00fcber dem Handgelenk enganliegend getragen. Der Kreis in seiner vollendeten Form an reiner Naturseide.<\/p>\n<p>925 Silber, 925 Silber oxidiert (schwarz), 925 Silber vergoldet oder 925 Silber ros\u00e9-vergoldet.<br \/>\n100% Seide.<br \/>\nVerstellbarer Verschluss.<br \/>\nKreis hat einen Durchmesser von 1.8 cm.<\/p>\n<p>Keep your circle positive!<\/p>\n","protected":false},"excerpt":{"rendered":"<p>NEU AUCH ROS\u00c9-VERGOLDET! Ein wunderbar reduziertes, aber auch auff\u00e4lliges Armand, wenn etwas \u00fcber dem Handgelenk enganliegend getragen. Der Kreis in seiner vollendeten Form an reiner Naturseide. 925 Silber, 925 Silber oxidiert (schwarz), 925 Silber vergoldet oder 925 Silber ros\u00e9-vergoldet. 100% Seide. Verstellbarer Verschluss. Kreis hat einen Durchmesser von 1.8 cm&#8230;. <a class=\"more-link\" href=\"https:\/\/www.benevolenti.com\/de\/produkt\/karma-bracelet\/\">Mehr<\/a><\/p>\n","protected":false},"featured_media":10333,"comment_status":"open","ping_status":"closed","template":"","meta":[],"product_brand":[],"product_cat":[336,592,642],"product_tag":[],"class_list":{"0":"post-8213","1":"product","2":"type-product","3":"status-publish","4":"has-post-thumbnail","6":"product_cat-seide","7":"product_cat-meditation-yoga","8":"product_cat-mitbringsel","10":"first","11":"instock","12":"shipping-taxable","13":"purchasable","14":"product-type-variable"},"jetpack_sharing_enabled":true,"_links":{"self":[{"href":"https:\/\/www.benevolenti.com\/de\/wp-json\/wp\/v2\/product\/8213","targetHints":{"allow":["GET"]}}],"collection":[{"href":"https:\/\/www.benevolenti.com\/de\/wp-json\/wp\/v2\/product"}],"about":[{"href":"https:\/\/www.benevolenti.com\/de\/wp-json\/wp\/v2\/types\/product"}],"replies":[{"embeddable":true,"href":"https:\/\/www.benevolenti.com\/de\/wp-json\/wp\/v2\/comments?post=8213"}],"wp:featuredmedia":[{"embeddable":true,"href":"https:\/\/www.benevolenti.com\/de\/wp-json\/wp\/v2\/media\/10333"}],"wp:attachment":[{"href":"https:\/\/www.benevolenti.com\/de\/wp-json\/wp\/v2\/media?parent=8213"}],"wp:term":[{"taxonomy":"product_brand","embeddable":true,"href":"https:\/\/www.benevolenti.com\/de\/wp-json\/wp\/v2\/product_brand?post=8213"},{"taxonomy":"product_cat","embeddable":true,"href":"https:\/\/www.benevolenti.com\/de\/wp-json\/wp\/v2\/product_cat?post=8213"},{"taxonomy":"product_tag","embeddable":true,"href":"https:\/\/www.benevolenti.com\/de\/wp-json\/wp\/v2\/product_tag?post=8213"}],"curies":[{"name":"wp","href":"https:\/\/api.w.org\/{rel}","templated":true}]}}