{"id":8184,"date":"2016-08-19T18:24:12","date_gmt":"2016-08-19T16:24:12","guid":{"rendered":"https:\/\/www.benevolenti.com\/product\/be-brave\/"},"modified":"2024-12-04T11:49:17","modified_gmt":"2024-12-04T10:49:17","slug":"be-brave","status":"publish","type":"product","link":"https:\/\/www.benevolenti.com\/de\/produkt\/be-brave\/","title":{"rendered":"SYMBOLKETTE Mut"},"content":{"rendered":"<p>Die Feder ist bei den Indianern ein klassisches Symbol f\u00fcr Mut und Tapferkeit.<br \/>\nH\u00e4matit unterst\u00fctzt diese Symbolwirkung und macht aus diesem Schmuckst\u00fcck einen starken Talisman.<\/p>\n<p>Die Halskette ist in 925 Silber, Silber vergoldet oder ros\u00e9-vergoldet erh\u00e4ltlich.<br \/>\nBitte die vergoldeten Teile mit R\u00fccksicht behandeln (keine K\u00f6rperpflegemittel, Parfum oder Hallenbad).<\/p>\n<p>L\u00e4nge 45cm<br \/>\nGerne auch als Armband: claudia@benevolenti.com<\/p>\n","protected":false},"excerpt":{"rendered":"<p>Die Feder ist bei den Indianern ein klassisches Symbol f\u00fcr Mut und Tapferkeit. H\u00e4matit unterst\u00fctzt diese Symbolwirkung und macht aus diesem Schmuckst\u00fcck einen starken Talisman. Die Halskette ist in 925 Silber, Silber vergoldet oder ros\u00e9-vergoldet erh\u00e4ltlich. Bitte die vergoldeten Teile mit R\u00fccksicht behandeln (keine K\u00f6rperpflegemittel, Parfum oder Hallenbad). L\u00e4nge 45cm&#8230; <a class=\"more-link\" href=\"https:\/\/www.benevolenti.com\/de\/produkt\/be-brave\/\">Mehr<\/a><\/p>\n","protected":false},"featured_media":17399,"comment_status":"open","ping_status":"closed","template":"","meta":[],"product_brand":[],"product_cat":[728,646],"product_tag":[614],"class_list":{"0":"post-8184","1":"product","2":"type-product","3":"status-publish","4":"has-post-thumbnail","6":"product_cat-symbolketten","7":"product_cat-abschiedsgeschenk","8":"product_tag-haematit","10":"first","11":"instock","12":"shipping-taxable","13":"purchasable","14":"product-type-variable"},"jetpack_sharing_enabled":true,"_links":{"self":[{"href":"https:\/\/www.benevolenti.com\/de\/wp-json\/wp\/v2\/product\/8184","targetHints":{"allow":["GET"]}}],"collection":[{"href":"https:\/\/www.benevolenti.com\/de\/wp-json\/wp\/v2\/product"}],"about":[{"href":"https:\/\/www.benevolenti.com\/de\/wp-json\/wp\/v2\/types\/product"}],"replies":[{"embeddable":true,"href":"https:\/\/www.benevolenti.com\/de\/wp-json\/wp\/v2\/comments?post=8184"}],"wp:featuredmedia":[{"embeddable":true,"href":"https:\/\/www.benevolenti.com\/de\/wp-json\/wp\/v2\/media\/17399"}],"wp:attachment":[{"href":"https:\/\/www.benevolenti.com\/de\/wp-json\/wp\/v2\/media?parent=8184"}],"wp:term":[{"taxonomy":"product_brand","embeddable":true,"href":"https:\/\/www.benevolenti.com\/de\/wp-json\/wp\/v2\/product_brand?post=8184"},{"taxonomy":"product_cat","embeddable":true,"href":"https:\/\/www.benevolenti.com\/de\/wp-json\/wp\/v2\/product_cat?post=8184"},{"taxonomy":"product_tag","embeddable":true,"href":"https:\/\/www.benevolenti.com\/de\/wp-json\/wp\/v2\/product_tag?post=8184"}],"curies":[{"name":"wp","href":"https:\/\/api.w.org\/{rel}","templated":true}]}}