{"id":8004,"date":"2016-06-07T20:30:46","date_gmt":"2016-06-07T18:30:46","guid":{"rendered":"https:\/\/www.benevolenti.com\/product\/bracelet-tree-of-life\/"},"modified":"2026-04-03T20:11:48","modified_gmt":"2026-04-03T18:11:48","slug":"armkette-lebensbaum","status":"publish","type":"product","link":"https:\/\/www.benevolenti.com\/de\/produkt\/armkette-lebensbaum\/","title":{"rendered":"ARMKETTE Lebensbaum"},"content":{"rendered":"<p>Der Lebensbaum ist ein Symbol f\u00fcr Wachstum, Kraft und langes Leben. Heliotrop und Bernstein sind wichtige Gesundheitssteine. Das perfekte Geburtstagsgeschenk f\u00fcr eine Freundin oder ein ber\u00fchrendes Geschenk bei Krankheit.<\/p>\n<p>Dieses Armband wird oft gew\u00e4hlt, wenn eine nahe Person eine Krankheits-Diagnose wie Krebs bekommt und ein l\u00e4ngerer Weg der Genesung vor sich hat. F\u00fcr diese Herausforderung ist oft der Granat der Stein der Wahl, weil er in Krisen seine ganze Kraft entfacht.<\/p>\n<p>925 Silber, vergoldet in Gelb- oder Ros\u00e9gold stehen zur Auswahl.<\/p>\n","protected":false},"excerpt":{"rendered":"<p>Der Lebensbaum ist ein Symbol f\u00fcr Wachstum, Kraft und langes Leben. Heliotrop und Bernstein sind wichtige Gesundheitssteine. Das perfekte Geburtstagsgeschenk f\u00fcr eine Freundin oder ein ber\u00fchrendes Geschenk bei Krankheit. Dieses Armband wird oft gew\u00e4hlt, wenn eine nahe Person eine Krankheits-Diagnose wie Krebs bekommt und ein l\u00e4ngerer Weg der Genesung vor&#8230; <a class=\"more-link\" href=\"https:\/\/www.benevolenti.com\/de\/produkt\/armkette-lebensbaum\/\">Mehr<\/a><\/p>\n","protected":false},"featured_media":8013,"comment_status":"open","ping_status":"closed","template":"","meta":[],"product_brand":[],"product_cat":[591,590,338],"product_tag":[602],"class_list":{"0":"post-8004","1":"product","2":"type-product","3":"status-publish","4":"has-post-thumbnail","6":"product_cat-gesundheit-vitalitaet","7":"product_cat-hoffnungzuversicht","8":"product_cat-silber","9":"product_tag-heliotrop","11":"first","12":"instock","13":"shipping-taxable","14":"purchasable","15":"product-type-variable"},"jetpack_sharing_enabled":true,"_links":{"self":[{"href":"https:\/\/www.benevolenti.com\/de\/wp-json\/wp\/v2\/product\/8004","targetHints":{"allow":["GET"]}}],"collection":[{"href":"https:\/\/www.benevolenti.com\/de\/wp-json\/wp\/v2\/product"}],"about":[{"href":"https:\/\/www.benevolenti.com\/de\/wp-json\/wp\/v2\/types\/product"}],"replies":[{"embeddable":true,"href":"https:\/\/www.benevolenti.com\/de\/wp-json\/wp\/v2\/comments?post=8004"}],"wp:featuredmedia":[{"embeddable":true,"href":"https:\/\/www.benevolenti.com\/de\/wp-json\/wp\/v2\/media\/8013"}],"wp:attachment":[{"href":"https:\/\/www.benevolenti.com\/de\/wp-json\/wp\/v2\/media?parent=8004"}],"wp:term":[{"taxonomy":"product_brand","embeddable":true,"href":"https:\/\/www.benevolenti.com\/de\/wp-json\/wp\/v2\/product_brand?post=8004"},{"taxonomy":"product_cat","embeddable":true,"href":"https:\/\/www.benevolenti.com\/de\/wp-json\/wp\/v2\/product_cat?post=8004"},{"taxonomy":"product_tag","embeddable":true,"href":"https:\/\/www.benevolenti.com\/de\/wp-json\/wp\/v2\/product_tag?post=8004"}],"curies":[{"name":"wp","href":"https:\/\/api.w.org\/{rel}","templated":true}]}}