{"id":7381,"date":"2016-01-31T21:13:05","date_gmt":"2016-01-31T20:13:05","guid":{"rendered":"https:\/\/www.benevolenti.com\/?post_type=product&#038;p=7381"},"modified":"2019-09-23T00:11:03","modified_gmt":"2019-09-22T22:11:03","slug":"armkette-pfeil","status":"publish","type":"product","link":"https:\/\/www.benevolenti.com\/de\/produkt\/armkette-pfeil\/","title":{"rendered":"ARMKETTE Pfeil"},"content":{"rendered":"<p>Feines Armband aus vergoldetem Sterlingsilber. Wundersch\u00f6ner Pfeil mit Satin-Glanz. Oder ganz aus 925 Silber. Handgemacht in Z\u00fcrich.<\/p>\n<p>Bleibt immer auf dem Handgelenk dank den zwei wundersch\u00f6nen facettierten Aquamarinen, die helfen Ziele zu setzen und zu verfolgen.<\/p>\n<p>Bitte w\u00e4hle folgende Gr\u00f6ssen (Handgelenk Umfang):<\/p>\n<p>14-15 cm: XS<br \/>\n15-16 cm: S<br \/>\n16-17 cm: M<br \/>\n&gt; 17 cm: L<\/p>\n<p>&nbsp;<\/p>\n","protected":false},"excerpt":{"rendered":"<p>Feines Armband aus vergoldetem Sterlingsilber. Wundersch\u00f6ner Pfeil mit Satin-Glanz. Oder ganz aus 925 Silber. Handgemacht in Z\u00fcrich. Bleibt immer auf dem Handgelenk dank den zwei wundersch\u00f6nen facettierten Aquamarinen, die helfen Ziele zu setzen und zu verfolgen. Bitte w\u00e4hle folgende Gr\u00f6ssen (Handgelenk Umfang): 14-15 cm: XS 15-16 cm: S 16-17 cm:&#8230; <a class=\"more-link\" href=\"https:\/\/www.benevolenti.com\/de\/produkt\/armkette-pfeil\/\">Mehr<\/a><\/p>\n","protected":false},"featured_media":9181,"comment_status":"open","ping_status":"closed","template":"","meta":[],"product_brand":[],"product_cat":[594],"product_tag":[609],"class_list":{"0":"post-7381","1":"product","2":"type-product","3":"status-publish","4":"has-post-thumbnail","6":"product_cat-erfolg-selbstvertrauen","7":"product_tag-aquamarin","9":"first","10":"instock","11":"shipping-taxable","12":"purchasable","13":"product-type-variable"},"jetpack_sharing_enabled":true,"_links":{"self":[{"href":"https:\/\/www.benevolenti.com\/de\/wp-json\/wp\/v2\/product\/7381","targetHints":{"allow":["GET"]}}],"collection":[{"href":"https:\/\/www.benevolenti.com\/de\/wp-json\/wp\/v2\/product"}],"about":[{"href":"https:\/\/www.benevolenti.com\/de\/wp-json\/wp\/v2\/types\/product"}],"replies":[{"embeddable":true,"href":"https:\/\/www.benevolenti.com\/de\/wp-json\/wp\/v2\/comments?post=7381"}],"wp:featuredmedia":[{"embeddable":true,"href":"https:\/\/www.benevolenti.com\/de\/wp-json\/wp\/v2\/media\/9181"}],"wp:attachment":[{"href":"https:\/\/www.benevolenti.com\/de\/wp-json\/wp\/v2\/media?parent=7381"}],"wp:term":[{"taxonomy":"product_brand","embeddable":true,"href":"https:\/\/www.benevolenti.com\/de\/wp-json\/wp\/v2\/product_brand?post=7381"},{"taxonomy":"product_cat","embeddable":true,"href":"https:\/\/www.benevolenti.com\/de\/wp-json\/wp\/v2\/product_cat?post=7381"},{"taxonomy":"product_tag","embeddable":true,"href":"https:\/\/www.benevolenti.com\/de\/wp-json\/wp\/v2\/product_tag?post=7381"}],"curies":[{"name":"wp","href":"https:\/\/api.w.org\/{rel}","templated":true}]}}