{"id":7014,"date":"2015-10-29T11:08:36","date_gmt":"2015-10-29T10:08:36","guid":{"rendered":"https:\/\/www.benevolenti.com\/?post_type=product&#038;p=7014"},"modified":"2018-10-15T21:46:08","modified_gmt":"2018-10-15T19:46:08","slug":"amber-necklace","status":"publish","type":"product","link":"https:\/\/www.benevolenti.com\/de\/produkt\/amber-necklace\/","title":{"rendered":"KINDERKETTE Bernstein"},"content":{"rendered":"<p>Der Bernstein ist ein traditioneller Gesundheitsstein, wird aber seit jeher auch als Unterst\u00fctzung beim Zahnen verwendet. Mit diesem BENEVOLENTI k\u00f6nnen Sie ein wunderbares Geburts- oder Taufgeschenk machen.<\/p>\n<p>Das K\u00e4rtchen mit dem Wunsch \u201eGute Gesundheit und einen gl\u00fccklichen Start in Dein Leben!\u201c sowie oben stehende Stein-Beschreibungen unterst\u00fctzen den guten Wunsch.<\/p>\n<p>Bitte hinterlassen Sie eine Nachricht in den Bemerkungen, wenn Sie zum Beispiel einen Taufwunsch haben.<\/p>\n<p>Halskette aus rundem, 3-4 mm grossem, cognacfarbenem Bernstein und Silberelementen.<br \/>\nL\u00e4nge ca. 34 cm.<\/p>\n","protected":false},"excerpt":{"rendered":"<p>Der Bernstein ist ein traditioneller Gesundheitsstein, wird aber seit jeher auch als Unterst\u00fctzung beim Zahnen verwendet. Mit diesem BENEVOLENTI k\u00f6nnen Sie ein wunderbares Geburts- oder Taufgeschenk machen. Das K\u00e4rtchen mit dem Wunsch \u201eGute Gesundheit und einen gl\u00fccklichen Start in Dein Leben!\u201c sowie oben stehende Stein-Beschreibungen unterst\u00fctzen den guten Wunsch. Bitte&#8230; <a class=\"more-link\" href=\"https:\/\/www.benevolenti.com\/de\/produkt\/amber-necklace\/\">Mehr<\/a><\/p>\n","protected":false},"featured_media":6992,"comment_status":"open","ping_status":"closed","template":"","meta":[],"product_brand":[],"product_cat":[138,650],"product_tag":[639],"class_list":{"0":"post-7014","1":"product","2":"type-product","3":"status-publish","4":"has-post-thumbnail","6":"product_cat-geburt-taufe","7":"product_cat-geburt-taufe-konf","8":"product_tag-bernstein","10":"first","11":"instock","12":"shipping-taxable","13":"purchasable","14":"product-type-variable"},"jetpack_sharing_enabled":true,"_links":{"self":[{"href":"https:\/\/www.benevolenti.com\/de\/wp-json\/wp\/v2\/product\/7014","targetHints":{"allow":["GET"]}}],"collection":[{"href":"https:\/\/www.benevolenti.com\/de\/wp-json\/wp\/v2\/product"}],"about":[{"href":"https:\/\/www.benevolenti.com\/de\/wp-json\/wp\/v2\/types\/product"}],"replies":[{"embeddable":true,"href":"https:\/\/www.benevolenti.com\/de\/wp-json\/wp\/v2\/comments?post=7014"}],"wp:featuredmedia":[{"embeddable":true,"href":"https:\/\/www.benevolenti.com\/de\/wp-json\/wp\/v2\/media\/6992"}],"wp:attachment":[{"href":"https:\/\/www.benevolenti.com\/de\/wp-json\/wp\/v2\/media?parent=7014"}],"wp:term":[{"taxonomy":"product_brand","embeddable":true,"href":"https:\/\/www.benevolenti.com\/de\/wp-json\/wp\/v2\/product_brand?post=7014"},{"taxonomy":"product_cat","embeddable":true,"href":"https:\/\/www.benevolenti.com\/de\/wp-json\/wp\/v2\/product_cat?post=7014"},{"taxonomy":"product_tag","embeddable":true,"href":"https:\/\/www.benevolenti.com\/de\/wp-json\/wp\/v2\/product_tag?post=7014"}],"curies":[{"name":"wp","href":"https:\/\/api.w.org\/{rel}","templated":true}]}}