{"id":6829,"date":"2026-02-21T16:03:59","date_gmt":"2026-02-21T15:03:59","guid":{"rendered":"https:\/\/www.benevolenti.com\/?post_type=product&#038;p=6829"},"modified":"2026-04-13T17:13:54","modified_gmt":"2026-04-13T15:13:54","slug":"black-tourmaline","status":"publish","type":"product","link":"https:\/\/www.benevolenti.com\/de\/produkt\/black-tourmaline\/","title":{"rendered":"HALSKETTE Schwarzer Turmalin"},"content":{"rendered":"<p>Dieser Anh\u00e4nger mit schwarzem Turmalin ist ein starker Talisman. Schwarzer Turmalin ist einer der st\u00e4rksten Schutzsteine gegen negative Energie. Er bringt negative Ionen in die Luft, \u00e4hnlich wie ein Luftionisator.<\/p>\n<p>Durch die edle, massive Fassung aus 925 Silber l\u00e4sst er sich an jeder Silberkette tragen. Er wird mit einem Lederband, das sich auf jede L\u00e4nge verschieben l\u00e4sst, geliefert oder auf Wunsch auch mit einer passenden Silberkette.<\/p>\n<p>Zwei Gr\u00f6ssen sind w\u00e4hlbar:<\/p>\n<ul>\n<li>Gross: ca. 1cm breit, 2cm lang<\/li>\n<li>Klein: ca. 0.5cm breit, 1.5cm lang<\/li>\n<\/ul>\n<p>Anh\u00e4nger aus schwarzem Turmalin in seiner nat\u00fcrlich gewachsenen Form.<br \/>\nVerschiebbares Lederband oder Silberkette.<\/p>\n<p>Kleiner Anh\u00e4nger auf einer handgeschriebenen Karte, grosse Anh\u00e4nger in BENEVOLENTI Baumwollbeutel mit Wunschk\u00e4rtchen und Steinbeschreibung.<\/p>\n","protected":false},"excerpt":{"rendered":"<p>Dieser Anh\u00e4nger mit schwarzem Turmalin ist ein starker Talisman. Schwarzer Turmalin ist einer der st\u00e4rksten Schutzsteine gegen negative Energie. Er bringt negative Ionen in die Luft, \u00e4hnlich wie ein Luftionisator. Durch die edle, massive Fassung aus 925 Silber l\u00e4sst er sich an jeder Silberkette tragen. Er wird mit einem Lederband,&#8230; <a class=\"more-link\" href=\"https:\/\/www.benevolenti.com\/de\/produkt\/black-tourmaline\/\">Mehr<\/a><\/p>\n","protected":false},"featured_media":6831,"comment_status":"open","ping_status":"closed","template":"","meta":[],"product_brand":[],"product_cat":[644,124],"product_tag":[604],"class_list":{"0":"post-6829","1":"product","2":"type-product","3":"status-publish","4":"has-post-thumbnail","6":"product_cat-geschenke-fuer-ihn","7":"product_cat-fur-ihn","8":"product_tag-schwarzer-turmalin","10":"first","11":"instock","12":"shipping-taxable","13":"purchasable","14":"product-type-variable"},"jetpack_sharing_enabled":true,"_links":{"self":[{"href":"https:\/\/www.benevolenti.com\/de\/wp-json\/wp\/v2\/product\/6829","targetHints":{"allow":["GET"]}}],"collection":[{"href":"https:\/\/www.benevolenti.com\/de\/wp-json\/wp\/v2\/product"}],"about":[{"href":"https:\/\/www.benevolenti.com\/de\/wp-json\/wp\/v2\/types\/product"}],"replies":[{"embeddable":true,"href":"https:\/\/www.benevolenti.com\/de\/wp-json\/wp\/v2\/comments?post=6829"}],"wp:featuredmedia":[{"embeddable":true,"href":"https:\/\/www.benevolenti.com\/de\/wp-json\/wp\/v2\/media\/6831"}],"wp:attachment":[{"href":"https:\/\/www.benevolenti.com\/de\/wp-json\/wp\/v2\/media?parent=6829"}],"wp:term":[{"taxonomy":"product_brand","embeddable":true,"href":"https:\/\/www.benevolenti.com\/de\/wp-json\/wp\/v2\/product_brand?post=6829"},{"taxonomy":"product_cat","embeddable":true,"href":"https:\/\/www.benevolenti.com\/de\/wp-json\/wp\/v2\/product_cat?post=6829"},{"taxonomy":"product_tag","embeddable":true,"href":"https:\/\/www.benevolenti.com\/de\/wp-json\/wp\/v2\/product_tag?post=6829"}],"curies":[{"name":"wp","href":"https:\/\/api.w.org\/{rel}","templated":true}]}}