{"id":6788,"date":"2026-02-20T11:53:06","date_gmt":"2026-02-20T10:53:06","guid":{"rendered":"https:\/\/www.benevolenti.com\/?post_type=product&#038;p=6788"},"modified":"2026-04-15T09:28:28","modified_gmt":"2026-04-15T07:28:28","slug":"reparatur-wunscharmband","status":"publish","type":"product","link":"https:\/\/www.benevolenti.com\/de\/produkt\/reparatur-wunscharmband\/","title":{"rendered":"REPARATUR Wunscharmband"},"content":{"rendered":"<p>BENEVOLENTI Wunscharmb\u00e4nder sehen manchmal, vor allem nach Meer oder anderen Wohltaten, sehr Vintage aus. Oder der Wunsch geht in Erf\u00fcllung und die Seide bricht!<\/p>\n<p>Ich freue mich Dein Bracelet mit einer neuen Seide zu versehen. Einfach den Typ der Seide w\u00e4hlen, den Bestellvorgang abschliessen (damit ich Name und Adresse habe) und das kostbare St\u00fcck senden an:<\/p>\n<p>BENEVOLENTI<br \/>\nFliederstrasse 16<br \/>\n8006 Z\u00fcrich<\/p>\n<p>M\u00f6chtest Du eine andere Farbe als bisher?<img loading=\"lazy\" decoding=\"async\" src=\"https:\/\/www.benevolenti.com\/wp-content\/uploads\/2015\/09\/seidenfarben-2-scaled.jpg\" alt=\"\" width=\"2560\" height=\"700\" class=\"aligncenter size-full wp-image-17239\" \/><\/p>\n","protected":false},"excerpt":{"rendered":"<p>BENEVOLENTI Wunscharmb\u00e4nder sehen manchmal, vor allem nach Meer oder anderen Wohltaten, sehr Vintage aus. Oder der Wunsch geht in Erf\u00fcllung und die Seide bricht! Ich freue mich Dein Bracelet mit einer neuen Seide zu versehen. Einfach den Typ der Seide w\u00e4hlen, den Bestellvorgang abschliessen (damit ich Name und Adresse habe)&#8230; <a class=\"more-link\" href=\"https:\/\/www.benevolenti.com\/de\/produkt\/reparatur-wunscharmband\/\">Mehr<\/a><\/p>\n","protected":false},"featured_media":15406,"comment_status":"open","ping_status":"closed","template":"","meta":[],"product_brand":[],"product_cat":[39,336,745],"product_tag":[],"class_list":{"0":"post-6788","1":"product","2":"type-product","3":"status-publish","4":"has-post-thumbnail","6":"product_cat-accessories-de","7":"product_cat-seide","8":"product_cat-services","10":"first","11":"instock","12":"shipping-taxable","13":"purchasable","14":"product-type-variable"},"jetpack_sharing_enabled":true,"_links":{"self":[{"href":"https:\/\/www.benevolenti.com\/de\/wp-json\/wp\/v2\/product\/6788","targetHints":{"allow":["GET"]}}],"collection":[{"href":"https:\/\/www.benevolenti.com\/de\/wp-json\/wp\/v2\/product"}],"about":[{"href":"https:\/\/www.benevolenti.com\/de\/wp-json\/wp\/v2\/types\/product"}],"replies":[{"embeddable":true,"href":"https:\/\/www.benevolenti.com\/de\/wp-json\/wp\/v2\/comments?post=6788"}],"wp:featuredmedia":[{"embeddable":true,"href":"https:\/\/www.benevolenti.com\/de\/wp-json\/wp\/v2\/media\/15406"}],"wp:attachment":[{"href":"https:\/\/www.benevolenti.com\/de\/wp-json\/wp\/v2\/media?parent=6788"}],"wp:term":[{"taxonomy":"product_brand","embeddable":true,"href":"https:\/\/www.benevolenti.com\/de\/wp-json\/wp\/v2\/product_brand?post=6788"},{"taxonomy":"product_cat","embeddable":true,"href":"https:\/\/www.benevolenti.com\/de\/wp-json\/wp\/v2\/product_cat?post=6788"},{"taxonomy":"product_tag","embeddable":true,"href":"https:\/\/www.benevolenti.com\/de\/wp-json\/wp\/v2\/product_tag?post=6788"}],"curies":[{"name":"wp","href":"https:\/\/api.w.org\/{rel}","templated":true}]}}