{"id":675,"date":"2025-02-02T10:57:57","date_gmt":"2025-02-02T09:57:57","guid":{"rendered":"https:\/\/www.benevolenti.com\/shop\/uncategorized\/"},"modified":"2026-03-05T12:08:16","modified_gmt":"2026-03-05T11:08:16","slug":"armbandsetkinderwunsch","status":"publish","type":"product","link":"https:\/\/www.benevolenti.com\/de\/produkt\/armbandsetkinderwunsch\/","title":{"rendered":"ARMBAND SET Kinderwunsch"},"content":{"rendered":"<p>Dieses Armband Set hat unterst\u00fctzt den Kinderwunsch: Mondstein balanciert den Hormonhaushalt und f\u00f6rdert so die Fruchtbarkeit, Rauchquarz und Silber wirken entspannend.<\/p>\n<p>Zusammen mit dem Herzenswunsch sind sie ein starkes Team, das schon manche zur Schwangerschaft begleitet hat. Immer sch\u00f6n sind f\u00fcr mich Anfragen f\u00fcr Auffrischungen, wenn es ein Geschwisterchen geben soll.<\/p>\n<p>Armband Rauchquarz und Mondstein auf Elast.<br \/>\nArmband aus solidem 925 Silber.<br \/>\nGeschenkverpackung mit Beschreibung der Steinwirkungen.<\/p>\n","protected":false},"excerpt":{"rendered":"<p>Dieses Armband Set hat unterst\u00fctzt den Kinderwunsch: Mondstein balanciert den Hormonhaushalt und f\u00f6rdert so die Fruchtbarkeit, Rauchquarz und Silber wirken entspannend. Zusammen mit dem Herzenswunsch sind sie ein starkes Team, das schon manche zur Schwangerschaft begleitet hat. Immer sch\u00f6n sind f\u00fcr mich Anfragen f\u00fcr Auffrischungen, wenn es ein Geschwisterchen geben&#8230; <a class=\"more-link\" href=\"https:\/\/www.benevolenti.com\/de\/produkt\/armbandsetkinderwunsch\/\">Mehr<\/a><\/p>\n","protected":false},"featured_media":14305,"comment_status":"open","ping_status":"closed","template":"","meta":[],"product_brand":[],"product_cat":[648,335],"product_tag":[217,631],"class_list":{"0":"post-675","1":"product","2":"type-product","3":"status-publish","4":"has-post-thumbnail","6":"product_cat-schwangerschaft","7":"product_cat-steine","8":"product_tag-mondstein","9":"product_tag-rauchquarz","11":"first","12":"instock","13":"shipping-taxable","14":"purchasable","15":"product-type-variable"},"jetpack_sharing_enabled":true,"_links":{"self":[{"href":"https:\/\/www.benevolenti.com\/de\/wp-json\/wp\/v2\/product\/675","targetHints":{"allow":["GET"]}}],"collection":[{"href":"https:\/\/www.benevolenti.com\/de\/wp-json\/wp\/v2\/product"}],"about":[{"href":"https:\/\/www.benevolenti.com\/de\/wp-json\/wp\/v2\/types\/product"}],"replies":[{"embeddable":true,"href":"https:\/\/www.benevolenti.com\/de\/wp-json\/wp\/v2\/comments?post=675"}],"wp:featuredmedia":[{"embeddable":true,"href":"https:\/\/www.benevolenti.com\/de\/wp-json\/wp\/v2\/media\/14305"}],"wp:attachment":[{"href":"https:\/\/www.benevolenti.com\/de\/wp-json\/wp\/v2\/media?parent=675"}],"wp:term":[{"taxonomy":"product_brand","embeddable":true,"href":"https:\/\/www.benevolenti.com\/de\/wp-json\/wp\/v2\/product_brand?post=675"},{"taxonomy":"product_cat","embeddable":true,"href":"https:\/\/www.benevolenti.com\/de\/wp-json\/wp\/v2\/product_cat?post=675"},{"taxonomy":"product_tag","embeddable":true,"href":"https:\/\/www.benevolenti.com\/de\/wp-json\/wp\/v2\/product_tag?post=675"}],"curies":[{"name":"wp","href":"https:\/\/api.w.org\/{rel}","templated":true}]}}