{"id":6614,"date":"2024-11-05T22:10:15","date_gmt":"2024-11-05T21:10:15","guid":{"rendered":"https:\/\/www.benevolenti.com\/?post_type=product&#038;p=6614"},"modified":"2025-11-02T08:08:43","modified_gmt":"2025-11-02T07:08:43","slug":"moonstone","status":"publish","type":"product","link":"https:\/\/www.benevolenti.com\/de\/produkt\/moonstone\/","title":{"rendered":"WUNSCH ARMBAND Mondstein"},"content":{"rendered":"<p>Mondsteine bringen die Hormone ins Gleichgewicht \u2013 ob monatliche Schwankungen oder w\u00e4hrend Pubert\u00e4t, Schwangerschaft und Klimakterium. Mit seinen feinen Farbnuancen ist der Mondstein ein perfekter Begleiter f\u00fcr jeden Tag.<\/p>\n<p>Wunscharmband mit Mondsteinen auf Seide.<br \/>\nGerne auch personalisiert &#8211; einfach beim Checkout Vornamen bzw. Wunsch angeben.<\/p>\n<p>&nbsp;<\/p>\n<p>&nbsp;<\/p>\n","protected":false},"excerpt":{"rendered":"<p>Mondsteine bringen die Hormone ins Gleichgewicht \u2013 ob monatliche Schwankungen oder w\u00e4hrend Pubert\u00e4t, Schwangerschaft und Klimakterium. Mit seinen feinen Farbnuancen ist der Mondstein ein perfekter Begleiter f\u00fcr jeden Tag. Wunscharmband mit Mondsteinen auf Seide. Gerne auch personalisiert &#8211; einfach beim Checkout Vornamen bzw. Wunsch angeben. &nbsp; &nbsp;<\/p>\n","protected":false},"featured_media":22135,"comment_status":"open","ping_status":"closed","template":"","meta":[],"product_brand":[],"product_cat":[587,336],"product_tag":[217],"class_list":{"0":"post-6614","1":"product","2":"type-product","3":"status-publish","4":"has-post-thumbnail","6":"product_cat-ausgeglichenheit-gelassenheit","7":"product_cat-seide","8":"product_tag-mondstein","10":"first","11":"instock","12":"shipping-taxable","13":"purchasable","14":"product-type-variable"},"jetpack_sharing_enabled":true,"_links":{"self":[{"href":"https:\/\/www.benevolenti.com\/de\/wp-json\/wp\/v2\/product\/6614","targetHints":{"allow":["GET"]}}],"collection":[{"href":"https:\/\/www.benevolenti.com\/de\/wp-json\/wp\/v2\/product"}],"about":[{"href":"https:\/\/www.benevolenti.com\/de\/wp-json\/wp\/v2\/types\/product"}],"replies":[{"embeddable":true,"href":"https:\/\/www.benevolenti.com\/de\/wp-json\/wp\/v2\/comments?post=6614"}],"wp:featuredmedia":[{"embeddable":true,"href":"https:\/\/www.benevolenti.com\/de\/wp-json\/wp\/v2\/media\/22135"}],"wp:attachment":[{"href":"https:\/\/www.benevolenti.com\/de\/wp-json\/wp\/v2\/media?parent=6614"}],"wp:term":[{"taxonomy":"product_brand","embeddable":true,"href":"https:\/\/www.benevolenti.com\/de\/wp-json\/wp\/v2\/product_brand?post=6614"},{"taxonomy":"product_cat","embeddable":true,"href":"https:\/\/www.benevolenti.com\/de\/wp-json\/wp\/v2\/product_cat?post=6614"},{"taxonomy":"product_tag","embeddable":true,"href":"https:\/\/www.benevolenti.com\/de\/wp-json\/wp\/v2\/product_tag?post=6614"}],"curies":[{"name":"wp","href":"https:\/\/api.w.org\/{rel}","templated":true}]}}