{"id":6139,"date":"2015-03-12T15:14:28","date_gmt":"2015-03-12T14:14:28","guid":{"rendered":"https:\/\/www.benevolenti.com\/product\/follow-your-passion-2\/"},"modified":"2015-03-17T14:55:27","modified_gmt":"2015-03-17T13:55:27","slug":"follow-your-passion-2","status":"publish","type":"product","link":"https:\/\/www.benevolenti.com\/de\/produkt\/follow-your-passion-2\/","title":{"rendered":"Follow your passion!"},"content":{"rendered":"<p>&#8222;A journey of a thousand miles begins with a single step.&#8220;<br \/>\nLaotse<\/p>\n<p>Es braucht Mut, eine Passion in Angriff zu nehmen und<br \/>\nGeduld, bis sie erste Fr\u00fcchte tr\u00e4gt.<\/p>\n<p>Aber die Reise schenkt unendlich viel Energie und<br \/>\ngibt begl\u00fcckende Freude und Zufriedenheit zur\u00fcck.<\/p>\n<p>Apatit und Pyrit unterst\u00fctzt Dich beim ersten Schritt und auf der Reise.<\/p>\n<p>Klassische BENEVOLENTI Geschenkverpackung f\u00fcr Armb\u00e4nder und Mala.<br \/>\nStoffbeutel und K\u00e4rtchen f\u00fcr Seidenband und Anh\u00e4nger.<br \/>\nApatit mit 8mm Durchmesser, Pyrit 6-8mm.<br \/>\nReine Seide.<br \/>\nSterling Silber.<\/p>\n","protected":false},"excerpt":{"rendered":"<p>&#8222;A journey of a thousand miles begins with a single step.&#8220; Laotse Es braucht Mut, eine Passion in Angriff zu nehmen und Geduld, bis sie erste Fr\u00fcchte tr\u00e4gt. Aber die Reise schenkt unendlich viel Energie und gibt begl\u00fcckende Freude und Zufriedenheit zur\u00fcck. Apatit und Pyrit unterst\u00fctzt Dich beim ersten Schritt&#8230; <a class=\"more-link\" href=\"https:\/\/www.benevolenti.com\/de\/produkt\/follow-your-passion-2\/\">Mehr<\/a><\/p>\n","protected":false},"featured_media":8840,"comment_status":"open","ping_status":"closed","template":"","meta":[],"product_brand":[],"product_cat":[394],"product_tag":[56,278],"class_list":{"0":"post-6139","1":"product","2":"type-product","3":"status-publish","4":"has-post-thumbnail","6":"product_cat-unkategorisiert","7":"product_tag-armband-2","8":"product_tag-blue-2","10":"first","11":"instock","12":"shipping-taxable","13":"purchasable","14":"product-type-variable"},"jetpack_sharing_enabled":true,"_links":{"self":[{"href":"https:\/\/www.benevolenti.com\/de\/wp-json\/wp\/v2\/product\/6139","targetHints":{"allow":["GET"]}}],"collection":[{"href":"https:\/\/www.benevolenti.com\/de\/wp-json\/wp\/v2\/product"}],"about":[{"href":"https:\/\/www.benevolenti.com\/de\/wp-json\/wp\/v2\/types\/product"}],"replies":[{"embeddable":true,"href":"https:\/\/www.benevolenti.com\/de\/wp-json\/wp\/v2\/comments?post=6139"}],"wp:featuredmedia":[{"embeddable":true,"href":"https:\/\/www.benevolenti.com\/de\/wp-json\/wp\/v2\/media\/8840"}],"wp:attachment":[{"href":"https:\/\/www.benevolenti.com\/de\/wp-json\/wp\/v2\/media?parent=6139"}],"wp:term":[{"taxonomy":"product_brand","embeddable":true,"href":"https:\/\/www.benevolenti.com\/de\/wp-json\/wp\/v2\/product_brand?post=6139"},{"taxonomy":"product_cat","embeddable":true,"href":"https:\/\/www.benevolenti.com\/de\/wp-json\/wp\/v2\/product_cat?post=6139"},{"taxonomy":"product_tag","embeddable":true,"href":"https:\/\/www.benevolenti.com\/de\/wp-json\/wp\/v2\/product_tag?post=6139"}],"curies":[{"name":"wp","href":"https:\/\/api.w.org\/{rel}","templated":true}]}}