{"id":4975,"date":"2024-09-09T08:37:53","date_gmt":"2024-09-09T06:37:53","guid":{"rendered":"https:\/\/www.benevolenti.com\/product\/gift-voucher-copy\/"},"modified":"2024-11-17T08:14:04","modified_gmt":"2024-11-17T07:14:04","slug":"gift-voucher-copy","status":"publish","type":"product","link":"https:\/\/www.benevolenti.com\/de\/produkt\/gift-voucher-copy\/","title":{"rendered":"WORKSHOP Makramee"},"content":{"rendered":"<p>Corina von <a href=\"https:\/\/www.schmuckspecht.ch\/\">Schmuckspecht<\/a> stellt wundersch\u00f6nen Makramee Schmuck her und zeigt dir und deinen Liebsten die Grundlagen von Makramee:<\/p>\n<p><strong><em>Ideal f\u00fcr 3-5 Personen, im Atelier BENEVOLENTI, Sonneggstrasse 49, 8006 Z\u00fcrich, 90.- pro Person.<\/em><\/strong><\/p>\n<p>Mit dem Workshop in den Fingern k\u00f6nnt ihr danach selbst\u00e4ndig in dieses spannende und entspannende Handwerk eintauchen.<\/p>\n<p><strong><em>Lasst mich gerne eure <a href=\"mailto:claudia@benevolenti.com\">Wunschtermine<\/a> wissen, so dass ich Corina und das Atelier buchen kann.<\/em><\/strong><\/p>\n<p>Du hast nur eine Handwerk-affine Freundin? Dann kannst du dich gerne melden, ich habe eine Warteliste mit Interessierten, oder ihr kauft einfach noch f\u00fcr 90.- Schmuck bei Corina ein, den sie mitbringt.<\/p>\n<p>&nbsp;<\/p>\n","protected":false},"excerpt":{"rendered":"<p>Corina von Schmuckspecht stellt wundersch\u00f6nen Makramee Schmuck her und zeigt dir und deinen Liebsten die Grundlagen von Makramee: Ideal f\u00fcr 3-5 Personen, im Atelier BENEVOLENTI, Sonneggstrasse 49, 8006 Z\u00fcrich, 90.- pro Person. Mit dem Workshop in den Fingern k\u00f6nnt ihr danach selbst\u00e4ndig in dieses spannende und entspannende Handwerk eintauchen. Lasst&#8230; <a class=\"more-link\" href=\"https:\/\/www.benevolenti.com\/de\/produkt\/gift-voucher-copy\/\">Mehr<\/a><\/p>\n","protected":false},"featured_media":21619,"comment_status":"closed","ping_status":"closed","template":"","meta":[],"product_brand":[],"product_cat":[649,678],"product_tag":[],"class_list":{"0":"post-4975","1":"product","2":"type-product","3":"status-publish","4":"has-post-thumbnail","6":"product_cat-gutschein-2","7":"product_cat-workshops","9":"first","10":"instock","11":"shipping-taxable","12":"purchasable","13":"product-type-variable"},"jetpack_sharing_enabled":true,"_links":{"self":[{"href":"https:\/\/www.benevolenti.com\/de\/wp-json\/wp\/v2\/product\/4975","targetHints":{"allow":["GET"]}}],"collection":[{"href":"https:\/\/www.benevolenti.com\/de\/wp-json\/wp\/v2\/product"}],"about":[{"href":"https:\/\/www.benevolenti.com\/de\/wp-json\/wp\/v2\/types\/product"}],"replies":[{"embeddable":true,"href":"https:\/\/www.benevolenti.com\/de\/wp-json\/wp\/v2\/comments?post=4975"}],"wp:featuredmedia":[{"embeddable":true,"href":"https:\/\/www.benevolenti.com\/de\/wp-json\/wp\/v2\/media\/21619"}],"wp:attachment":[{"href":"https:\/\/www.benevolenti.com\/de\/wp-json\/wp\/v2\/media?parent=4975"}],"wp:term":[{"taxonomy":"product_brand","embeddable":true,"href":"https:\/\/www.benevolenti.com\/de\/wp-json\/wp\/v2\/product_brand?post=4975"},{"taxonomy":"product_cat","embeddable":true,"href":"https:\/\/www.benevolenti.com\/de\/wp-json\/wp\/v2\/product_cat?post=4975"},{"taxonomy":"product_tag","embeddable":true,"href":"https:\/\/www.benevolenti.com\/de\/wp-json\/wp\/v2\/product_tag?post=4975"}],"curies":[{"name":"wp","href":"https:\/\/api.w.org\/{rel}","templated":true}]}}