{"id":4827,"date":"2019-11-24T15:27:49","date_gmt":"2019-11-24T14:27:49","guid":{"rendered":"https:\/\/www.benevolenti.com\/?post_type=product&#038;p=4827"},"modified":"2026-03-20T08:07:21","modified_gmt":"2026-03-20T07:07:21","slug":"gift-voucher-2","status":"publish","type":"product","link":"https:\/\/www.benevolenti.com\/de\/produkt\/gift-voucher-2\/","title":{"rendered":"RENDEZVOUS f\u00fcr DICH"},"content":{"rendered":"<p>G\u00f6nne dir eine Auszeit! G\u00f6nnt euch eine Auszeit!<\/p>\n<p>Verbringt ein RENDEZVOUS mit mir im Atelier, lernt die magische Welt der Steine kennen, taucht ein in altes Wissen, kommt auf verschiedenen Wegen euren Steinen auf die Spur und entwickelt mit mir einen pers\u00f6nlichen Gef\u00e4hrten f\u00fcr euch.<\/p>\n<p>Eine Mala, eine Armband Combo, ein Set mit Kreolen und Halskette &#8211; was auch immer euch in meinem Atelier ber\u00fchrt, eure Intuition zeigt uns den Weg.<\/p>\n","protected":false},"excerpt":{"rendered":"<p>G\u00f6nne dir eine Auszeit! G\u00f6nnt euch eine Auszeit! Verbringt ein RENDEZVOUS mit mir im Atelier, lernt die magische Welt der Steine kennen, taucht ein in altes Wissen, kommt auf verschiedenen Wegen euren Steinen auf die Spur und entwickelt mit mir einen pers\u00f6nlichen Gef\u00e4hrten f\u00fcr euch. Eine Mala, eine Armband Combo,&#8230; <a class=\"more-link\" href=\"https:\/\/www.benevolenti.com\/de\/produkt\/gift-voucher-2\/\">Mehr<\/a><\/p>\n","protected":false},"featured_media":21993,"comment_status":"closed","ping_status":"closed","template":"","meta":[],"product_brand":[],"product_cat":[678],"product_tag":[],"class_list":{"0":"post-4827","1":"product","2":"type-product","3":"status-publish","4":"has-post-thumbnail","6":"product_cat-workshops","8":"first","9":"instock","10":"shipping-taxable","11":"purchasable","12":"product-type-simple"},"jetpack_sharing_enabled":true,"_links":{"self":[{"href":"https:\/\/www.benevolenti.com\/de\/wp-json\/wp\/v2\/product\/4827","targetHints":{"allow":["GET"]}}],"collection":[{"href":"https:\/\/www.benevolenti.com\/de\/wp-json\/wp\/v2\/product"}],"about":[{"href":"https:\/\/www.benevolenti.com\/de\/wp-json\/wp\/v2\/types\/product"}],"replies":[{"embeddable":true,"href":"https:\/\/www.benevolenti.com\/de\/wp-json\/wp\/v2\/comments?post=4827"}],"wp:featuredmedia":[{"embeddable":true,"href":"https:\/\/www.benevolenti.com\/de\/wp-json\/wp\/v2\/media\/21993"}],"wp:attachment":[{"href":"https:\/\/www.benevolenti.com\/de\/wp-json\/wp\/v2\/media?parent=4827"}],"wp:term":[{"taxonomy":"product_brand","embeddable":true,"href":"https:\/\/www.benevolenti.com\/de\/wp-json\/wp\/v2\/product_brand?post=4827"},{"taxonomy":"product_cat","embeddable":true,"href":"https:\/\/www.benevolenti.com\/de\/wp-json\/wp\/v2\/product_cat?post=4827"},{"taxonomy":"product_tag","embeddable":true,"href":"https:\/\/www.benevolenti.com\/de\/wp-json\/wp\/v2\/product_tag?post=4827"}],"curies":[{"name":"wp","href":"https:\/\/api.w.org\/{rel}","templated":true}]}}