{"id":4824,"date":"2025-02-01T15:25:32","date_gmt":"2025-02-01T14:25:32","guid":{"rendered":"https:\/\/www.benevolenti.com\/?post_type=product&#038;p=4824"},"modified":"2025-02-02T18:28:09","modified_gmt":"2025-02-02T17:28:09","slug":"gift-voucher","status":"publish","type":"product","link":"https:\/\/www.benevolenti.com\/de\/produkt\/gift-voucher\/","title":{"rendered":"GUTSCHEIN"},"content":{"rendered":"<p>Gutschein f\u00fcr ein handgemachtes Schmuckst\u00fcck von BENEVOLENTI. Kann verwendet werden f\u00fcr einen Atelierbesuch oder eine Online Bestellung \u00fcber den Webshop.<\/p>\n<p>Handgeschriebener, sehr gerne auch personalisierter Gutschein.<\/p>\n","protected":false},"excerpt":{"rendered":"<p>Gutschein f\u00fcr ein handgemachtes Schmuckst\u00fcck von BENEVOLENTI. Kann verwendet werden f\u00fcr einen Atelierbesuch oder eine Online Bestellung \u00fcber den Webshop. Handgeschriebener, sehr gerne auch personalisierter Gutschein.<\/p>\n","protected":false},"featured_media":14835,"comment_status":"closed","ping_status":"closed","template":"","meta":[],"product_brand":[],"product_cat":[649,646],"product_tag":[],"class_list":{"0":"post-4824","1":"product","2":"type-product","3":"status-publish","4":"has-post-thumbnail","6":"product_cat-gutschein-2","7":"product_cat-abschiedsgeschenk","9":"first","10":"instock","11":"shipping-taxable","12":"purchasable","13":"product-type-variable"},"jetpack_sharing_enabled":true,"_links":{"self":[{"href":"https:\/\/www.benevolenti.com\/de\/wp-json\/wp\/v2\/product\/4824","targetHints":{"allow":["GET"]}}],"collection":[{"href":"https:\/\/www.benevolenti.com\/de\/wp-json\/wp\/v2\/product"}],"about":[{"href":"https:\/\/www.benevolenti.com\/de\/wp-json\/wp\/v2\/types\/product"}],"replies":[{"embeddable":true,"href":"https:\/\/www.benevolenti.com\/de\/wp-json\/wp\/v2\/comments?post=4824"}],"wp:featuredmedia":[{"embeddable":true,"href":"https:\/\/www.benevolenti.com\/de\/wp-json\/wp\/v2\/media\/14835"}],"wp:attachment":[{"href":"https:\/\/www.benevolenti.com\/de\/wp-json\/wp\/v2\/media?parent=4824"}],"wp:term":[{"taxonomy":"product_brand","embeddable":true,"href":"https:\/\/www.benevolenti.com\/de\/wp-json\/wp\/v2\/product_brand?post=4824"},{"taxonomy":"product_cat","embeddable":true,"href":"https:\/\/www.benevolenti.com\/de\/wp-json\/wp\/v2\/product_cat?post=4824"},{"taxonomy":"product_tag","embeddable":true,"href":"https:\/\/www.benevolenti.com\/de\/wp-json\/wp\/v2\/product_tag?post=4824"}],"curies":[{"name":"wp","href":"https:\/\/api.w.org\/{rel}","templated":true}]}}