{"id":4784,"date":"2014-07-21T21:25:20","date_gmt":"2014-07-21T19:25:20","guid":{"rendered":"https:\/\/www.benevolenti.com\/?post_type=product&#038;p=4784"},"modified":"2019-09-23T00:54:22","modified_gmt":"2019-09-22T22:54:22","slug":"armband-stern-amazonit-mondstein","status":"publish","type":"product","link":"https:\/\/www.benevolenti.com\/de\/produkt\/armband-stern-amazonit-mondstein\/","title":{"rendered":"HALSKETTE Menarche"},"content":{"rendered":"<p>Verschiedene V\u00f6lker dieser Erde feiern spezielle Zeremonien f\u00fcr den \u00dcbergang von Kind zu jungem Erwachsenen. Zum Beispiel praktizieren viele Navajo-St\u00e4mme noch heute ein Pubert\u00e4ts-Ritual f\u00fcr M\u00e4dchen, Kinaalda genannt. Es wird als wichtigstes aller Rituale angesehen, weil es neues Leben in den Stamm bringt.<\/p>\n<p>Unsere alte Welt kennt keine Feiern zur ersten Menstruation eines M\u00e4dchens. Aber ein sorgf\u00e4ltig gew\u00e4hltes Geschenk kann f\u00fcr eine junge Frau eine grosse Wirkung haben in emotional wilden Zeiten. Lassen Sie das M\u00e4del in Ihrem Leben wissen, dass Sie es lieb haben!<\/p>\n<p>L\u00e4nge 925 Silberkette: 40cm.<br \/>\nAmazonit und Mondstein.<\/p>\n","protected":false},"excerpt":{"rendered":"<p>Verschiedene V\u00f6lker dieser Erde feiern spezielle Zeremonien f\u00fcr den \u00dcbergang von Kind zu jungem Erwachsenen. Zum Beispiel praktizieren viele Navajo-St\u00e4mme noch heute ein Pubert\u00e4ts-Ritual f\u00fcr M\u00e4dchen, Kinaalda genannt. Es wird als wichtigstes aller Rituale angesehen, weil es neues Leben in den Stamm bringt. Unsere alte Welt kennt keine Feiern zur&#8230; <a class=\"more-link\" href=\"https:\/\/www.benevolenti.com\/de\/produkt\/armband-stern-amazonit-mondstein\/\">Mehr<\/a><\/p>\n","protected":false},"featured_media":9922,"comment_status":"closed","ping_status":"closed","template":"","meta":[],"product_brand":[],"product_cat":[140],"product_tag":[600,217],"class_list":{"0":"post-4784","1":"product","2":"type-product","3":"status-publish","4":"has-post-thumbnail","6":"product_cat-teens","7":"product_tag-amazonit","8":"product_tag-mondstein","10":"first","11":"instock","12":"shipping-taxable","13":"purchasable","14":"product-type-variable"},"jetpack_sharing_enabled":true,"_links":{"self":[{"href":"https:\/\/www.benevolenti.com\/de\/wp-json\/wp\/v2\/product\/4784","targetHints":{"allow":["GET"]}}],"collection":[{"href":"https:\/\/www.benevolenti.com\/de\/wp-json\/wp\/v2\/product"}],"about":[{"href":"https:\/\/www.benevolenti.com\/de\/wp-json\/wp\/v2\/types\/product"}],"replies":[{"embeddable":true,"href":"https:\/\/www.benevolenti.com\/de\/wp-json\/wp\/v2\/comments?post=4784"}],"wp:featuredmedia":[{"embeddable":true,"href":"https:\/\/www.benevolenti.com\/de\/wp-json\/wp\/v2\/media\/9922"}],"wp:attachment":[{"href":"https:\/\/www.benevolenti.com\/de\/wp-json\/wp\/v2\/media?parent=4784"}],"wp:term":[{"taxonomy":"product_brand","embeddable":true,"href":"https:\/\/www.benevolenti.com\/de\/wp-json\/wp\/v2\/product_brand?post=4784"},{"taxonomy":"product_cat","embeddable":true,"href":"https:\/\/www.benevolenti.com\/de\/wp-json\/wp\/v2\/product_cat?post=4784"},{"taxonomy":"product_tag","embeddable":true,"href":"https:\/\/www.benevolenti.com\/de\/wp-json\/wp\/v2\/product_tag?post=4784"}],"curies":[{"name":"wp","href":"https:\/\/api.w.org\/{rel}","templated":true}]}}