{"id":4670,"date":"2018-09-01T08:15:33","date_gmt":"2018-09-01T06:15:33","guid":{"rendered":"https:\/\/www.benevolenti.com\/?post_type=product&#038;p=4670"},"modified":"2026-03-05T11:39:36","modified_gmt":"2026-03-05T10:39:36","slug":"halskette-klangkugel","status":"publish","type":"product","link":"https:\/\/www.benevolenti.com\/de\/produkt\/halskette-klangkugel\/","title":{"rendered":"HALSKETTE Klangkugel"},"content":{"rendered":"<p>Klangkugeln haben eine lange Tradition in Bali und in Mexiko als Bola. Sie werden seit Jahrhunderten von schwangeren Frauen genutzt f\u00fcr Harmonie und Entspannung.<\/p>\n<p>Die kleine Kugel in der Klangkugel drin l\u00e4uft \u00fcber ein Xylophon und klingt sehr fein und doch h\u00f6rbar f\u00fcr ein Baby ab der 16. Schwangerschaftswoche. Wird die Klangkugel w\u00e4hrend der Schwangerschaft getragen (m\u00f6glichst tief, damit das Baby den Kopf zur Geburt unten hat), kann der bekannte Klang nach der Geburt das Baby beruhigen.<\/p>\n<p>Der Botswana-Achat ist ein traditioneller Schwangerschaft-Schutzstein. Er st\u00e4rkt das Selbstvertrauen und zerstreut Zweifel.<\/p>\n<p>Durchmesser Klangkugel 2cm.<\/p>\n","protected":false},"excerpt":{"rendered":"<p>Klangkugeln haben eine lange Tradition in Bali und in Mexiko als Bola. Sie werden seit Jahrhunderten von schwangeren Frauen genutzt f\u00fcr Harmonie und Entspannung. Die kleine Kugel in der Klangkugel drin l\u00e4uft \u00fcber ein Xylophon und klingt sehr fein und doch h\u00f6rbar f\u00fcr ein Baby ab der 16. Schwangerschaftswoche. Wird&#8230; <a class=\"more-link\" href=\"https:\/\/www.benevolenti.com\/de\/produkt\/halskette-klangkugel\/\">Mehr<\/a><\/p>\n","protected":false},"featured_media":23360,"comment_status":"closed","ping_status":"closed","template":"","meta":[],"product_brand":[],"product_cat":[648,332,589],"product_tag":[618],"class_list":{"0":"post-4670","1":"product","2":"type-product","3":"status-publish","4":"has-post-thumbnail","6":"product_cat-schwangerschaft","7":"product_cat-ketten","8":"product_cat-schutz","9":"product_tag-achat","11":"first","12":"instock","13":"shipping-taxable","14":"purchasable","15":"product-type-variable"},"jetpack_sharing_enabled":true,"_links":{"self":[{"href":"https:\/\/www.benevolenti.com\/de\/wp-json\/wp\/v2\/product\/4670","targetHints":{"allow":["GET"]}}],"collection":[{"href":"https:\/\/www.benevolenti.com\/de\/wp-json\/wp\/v2\/product"}],"about":[{"href":"https:\/\/www.benevolenti.com\/de\/wp-json\/wp\/v2\/types\/product"}],"replies":[{"embeddable":true,"href":"https:\/\/www.benevolenti.com\/de\/wp-json\/wp\/v2\/comments?post=4670"}],"wp:featuredmedia":[{"embeddable":true,"href":"https:\/\/www.benevolenti.com\/de\/wp-json\/wp\/v2\/media\/23360"}],"wp:attachment":[{"href":"https:\/\/www.benevolenti.com\/de\/wp-json\/wp\/v2\/media?parent=4670"}],"wp:term":[{"taxonomy":"product_brand","embeddable":true,"href":"https:\/\/www.benevolenti.com\/de\/wp-json\/wp\/v2\/product_brand?post=4670"},{"taxonomy":"product_cat","embeddable":true,"href":"https:\/\/www.benevolenti.com\/de\/wp-json\/wp\/v2\/product_cat?post=4670"},{"taxonomy":"product_tag","embeddable":true,"href":"https:\/\/www.benevolenti.com\/de\/wp-json\/wp\/v2\/product_tag?post=4670"}],"curies":[{"name":"wp","href":"https:\/\/api.w.org\/{rel}","templated":true}]}}