{"id":4653,"date":"2018-04-07T11:03:38","date_gmt":"2018-04-07T09:03:38","guid":{"rendered":"https:\/\/www.benevolenti.com\/?post_type=product&#038;p=4653"},"modified":"2018-10-25T10:29:02","modified_gmt":"2018-10-25T08:29:02","slug":"feather-pendant","status":"publish","type":"product","link":"https:\/\/www.benevolenti.com\/de\/produkt\/feather-pendant\/","title":{"rendered":"ANH\u00c4NGER Feder"},"content":{"rendered":"<p>Diese Feder ist ein wundersch\u00f6ner Begleiter f\u00fcr alle BENEVOLENTI Anh\u00e4nger.<br \/>\nKombiniere die Feder \u2013 je nach Lust und Laune \u2013 jeden Tag mit einem anderen Stein.<\/p>\n<p>&nbsp;<\/p>\n","protected":false},"excerpt":{"rendered":"<p>Diese Feder ist ein wundersch\u00f6ner Begleiter f\u00fcr alle BENEVOLENTI Anh\u00e4nger. Kombiniere die Feder \u2013 je nach Lust und Laune \u2013 jeden Tag mit einem anderen Stein. &nbsp;<\/p>\n","protected":false},"featured_media":4654,"comment_status":"closed","ping_status":"closed","template":"","meta":[],"product_brand":[],"product_cat":[39],"product_tag":[58],"class_list":{"0":"post-4653","1":"product","2":"type-product","3":"status-publish","4":"has-post-thumbnail","6":"product_cat-accessories-de","7":"product_tag-pendant","9":"first","10":"instock","11":"shipping-taxable","12":"purchasable","13":"product-type-simple"},"jetpack_sharing_enabled":true,"_links":{"self":[{"href":"https:\/\/www.benevolenti.com\/de\/wp-json\/wp\/v2\/product\/4653","targetHints":{"allow":["GET"]}}],"collection":[{"href":"https:\/\/www.benevolenti.com\/de\/wp-json\/wp\/v2\/product"}],"about":[{"href":"https:\/\/www.benevolenti.com\/de\/wp-json\/wp\/v2\/types\/product"}],"replies":[{"embeddable":true,"href":"https:\/\/www.benevolenti.com\/de\/wp-json\/wp\/v2\/comments?post=4653"}],"wp:featuredmedia":[{"embeddable":true,"href":"https:\/\/www.benevolenti.com\/de\/wp-json\/wp\/v2\/media\/4654"}],"wp:attachment":[{"href":"https:\/\/www.benevolenti.com\/de\/wp-json\/wp\/v2\/media?parent=4653"}],"wp:term":[{"taxonomy":"product_brand","embeddable":true,"href":"https:\/\/www.benevolenti.com\/de\/wp-json\/wp\/v2\/product_brand?post=4653"},{"taxonomy":"product_cat","embeddable":true,"href":"https:\/\/www.benevolenti.com\/de\/wp-json\/wp\/v2\/product_cat?post=4653"},{"taxonomy":"product_tag","embeddable":true,"href":"https:\/\/www.benevolenti.com\/de\/wp-json\/wp\/v2\/product_tag?post=4653"}],"curies":[{"name":"wp","href":"https:\/\/api.w.org\/{rel}","templated":true}]}}