{"id":2772,"date":"2011-10-04T12:28:35","date_gmt":"2011-10-04T10:28:35","guid":{"rendered":"https:\/\/www.benevolenti.com\/shop\/uncategorized\/"},"modified":"2024-11-10T22:14:59","modified_gmt":"2024-11-10T21:14:59","slug":"silver-bracelet","status":"publish","type":"product","link":"https:\/\/www.benevolenti.com\/de\/produkt\/silver-bracelet\/","title":{"rendered":"ARMBAND Silber"},"content":{"rendered":"<p>BENEVOLENTI Silber Bracelet, ideal f\u00fcr eine Kombination mit einem BENEVOLENTI Anh\u00e4nger.<\/p>\n<p>Rolo Silberkette, 3mm.<\/p>\n<p>Preis ohne Anh\u00e4nger.<\/p>\n","protected":false},"excerpt":{"rendered":"<p>BENEVOLENTI Silber Bracelet, ideal f\u00fcr eine Kombination mit einem BENEVOLENTI Anh\u00e4nger. Rolo Silberkette, 3mm. Preis ohne Anh\u00e4nger.<\/p>\n","protected":false},"featured_media":7744,"comment_status":"open","ping_status":"closed","template":"","meta":[],"product_brand":[],"product_cat":[39],"product_tag":[],"class_list":{"0":"post-2772","1":"product","2":"type-product","3":"status-publish","4":"has-post-thumbnail","6":"product_cat-accessories-de","8":"first","9":"instock","10":"shipping-taxable","11":"purchasable","12":"product-type-simple"},"jetpack_sharing_enabled":true,"_links":{"self":[{"href":"https:\/\/www.benevolenti.com\/de\/wp-json\/wp\/v2\/product\/2772","targetHints":{"allow":["GET"]}}],"collection":[{"href":"https:\/\/www.benevolenti.com\/de\/wp-json\/wp\/v2\/product"}],"about":[{"href":"https:\/\/www.benevolenti.com\/de\/wp-json\/wp\/v2\/types\/product"}],"replies":[{"embeddable":true,"href":"https:\/\/www.benevolenti.com\/de\/wp-json\/wp\/v2\/comments?post=2772"}],"wp:featuredmedia":[{"embeddable":true,"href":"https:\/\/www.benevolenti.com\/de\/wp-json\/wp\/v2\/media\/7744"}],"wp:attachment":[{"href":"https:\/\/www.benevolenti.com\/de\/wp-json\/wp\/v2\/media?parent=2772"}],"wp:term":[{"taxonomy":"product_brand","embeddable":true,"href":"https:\/\/www.benevolenti.com\/de\/wp-json\/wp\/v2\/product_brand?post=2772"},{"taxonomy":"product_cat","embeddable":true,"href":"https:\/\/www.benevolenti.com\/de\/wp-json\/wp\/v2\/product_cat?post=2772"},{"taxonomy":"product_tag","embeddable":true,"href":"https:\/\/www.benevolenti.com\/de\/wp-json\/wp\/v2\/product_tag?post=2772"}],"curies":[{"name":"wp","href":"https:\/\/api.w.org\/{rel}","templated":true}]}}