{"id":2705,"date":"2011-03-06T09:37:14","date_gmt":"2011-03-06T08:37:14","guid":{"rendered":"https:\/\/www.benevolenti.com\/shop\/uncategorized\/"},"modified":"2018-10-15T20:21:01","modified_gmt":"2018-10-15T18:21:01","slug":"carpe-diem-2","status":"publish","type":"product","link":"https:\/\/www.benevolenti.com\/de\/produkt\/carpe-diem-2\/","title":{"rendered":"ARMKETTE Carpe Diem"},"content":{"rendered":"<p>Ein BENEVOLENTI als Inspiration, das Leben zu geniessen, alles etwas leichter zu nehmen.<\/p>\n<p>Dumortierit und Magnesit sollen leicht und beschwingt machen, den Druck nehmen und helfen, das Leben zu geniessen und nicht auf morgen zu warten.<\/p>\n<p>Auf dem Begleitk\u00e4rtchen steht \u201cCarpe diem!\u201d. Auf der Hinterseite ist Raum f\u00fcr eine pers\u00f6nliche Widmung.<\/p>\n<p>Anh\u00e4nger aus Dumortierit, Magnesit und silberner Eibenbeere. Silberarmband L\u00e4nge frei w\u00e4hlbar.<\/p>\n<p>Auch alle anderen Steine auf der Website k\u00f6nnen f\u00fcr dieses Armband verwendet werden, einfach Mail an claudia-at-benevolenti.com schicken.<\/p>\n","protected":false},"excerpt":{"rendered":"<p>Ein BENEVOLENTI als Inspiration, das Leben zu geniessen, alles etwas leichter zu nehmen. Dumortierit und Magnesit sollen leicht und beschwingt machen, den Druck nehmen und helfen, das Leben zu geniessen und nicht auf morgen zu warten. Auf dem Begleitk\u00e4rtchen steht \u201cCarpe diem!\u201d. Auf der Hinterseite ist Raum f\u00fcr eine pers\u00f6nliche&#8230; <a class=\"more-link\" href=\"https:\/\/www.benevolenti.com\/de\/produkt\/carpe-diem-2\/\">Mehr<\/a><\/p>\n","protected":false},"featured_media":7136,"comment_status":"open","ping_status":"closed","template":"","meta":[],"product_brand":[],"product_cat":[338,646],"product_tag":[621,660],"class_list":{"0":"post-2705","1":"product","2":"type-product","3":"status-publish","4":"has-post-thumbnail","6":"product_cat-silber","7":"product_cat-abschiedsgeschenk","8":"product_tag-dumortierit","9":"product_tag-magnesit","11":"first","12":"instock","13":"shipping-taxable","14":"purchasable","15":"product-type-simple"},"jetpack_sharing_enabled":true,"_links":{"self":[{"href":"https:\/\/www.benevolenti.com\/de\/wp-json\/wp\/v2\/product\/2705","targetHints":{"allow":["GET"]}}],"collection":[{"href":"https:\/\/www.benevolenti.com\/de\/wp-json\/wp\/v2\/product"}],"about":[{"href":"https:\/\/www.benevolenti.com\/de\/wp-json\/wp\/v2\/types\/product"}],"replies":[{"embeddable":true,"href":"https:\/\/www.benevolenti.com\/de\/wp-json\/wp\/v2\/comments?post=2705"}],"wp:featuredmedia":[{"embeddable":true,"href":"https:\/\/www.benevolenti.com\/de\/wp-json\/wp\/v2\/media\/7136"}],"wp:attachment":[{"href":"https:\/\/www.benevolenti.com\/de\/wp-json\/wp\/v2\/media?parent=2705"}],"wp:term":[{"taxonomy":"product_brand","embeddable":true,"href":"https:\/\/www.benevolenti.com\/de\/wp-json\/wp\/v2\/product_brand?post=2705"},{"taxonomy":"product_cat","embeddable":true,"href":"https:\/\/www.benevolenti.com\/de\/wp-json\/wp\/v2\/product_cat?post=2705"},{"taxonomy":"product_tag","embeddable":true,"href":"https:\/\/www.benevolenti.com\/de\/wp-json\/wp\/v2\/product_tag?post=2705"}],"curies":[{"name":"wp","href":"https:\/\/api.w.org\/{rel}","templated":true}]}}