{"id":23695,"date":"2025-12-31T09:16:47","date_gmt":"2025-12-31T08:16:47","guid":{"rendered":"https:\/\/www.benevolenti.com\/?post_type=product&#038;p=23695"},"modified":"2026-04-15T09:23:59","modified_gmt":"2026-04-15T07:23:59","slug":"reparatur-horoskopkette","status":"publish","type":"product","link":"https:\/\/www.benevolenti.com\/de\/produkt\/reparatur-horoskopkette\/","title":{"rendered":"REPARATUR Horoskopkette"},"content":{"rendered":"<p>Es passiert immer wieder, dass Horoskopketten reissen, das sollen sie auch auf Zug. Manchmal passiert das nach Jahren, manchmal zwei Mal im Jahr. Alles kein Problem.<\/p>\n<p>Ich repariere die St\u00fccke gerne, kann auch gleich noch die L\u00e4nge ver\u00e4ndern oder etwas Neues einf\u00fcgen, ganz nach der Entwicklung des Kindes. Es ist auch m\u00f6glich, von Silberk\u00fcgelchen zu gekn\u00fcpftem Nylon zu wechseln, wenn es l\u00e4nger halten soll.<\/p>\n<p>F\u00fcr die Arbeit und Material entstehen Kosten von 40.- Franken. Wenn noch Steine und Silber fehlen, kann ich gerne vorab einen Preisvorschlag machen. Einfach ein <a href=\"mailto:claudia@benevolenti.com\">Mail<\/a> mit Bild schicken.<\/p>\n<p>Merci f\u00fcrs Tragen von BENEVOLENTI! \u2665\ufe0f<\/p>\n","protected":false},"excerpt":{"rendered":"<p>Es passiert immer wieder, dass Horoskopketten reissen, das sollen sie auch auf Zug. Manchmal passiert das nach Jahren, manchmal zwei Mal im Jahr. Alles kein Problem. Ich repariere die St\u00fccke gerne, kann auch gleich noch die L\u00e4nge ver\u00e4ndern oder etwas Neues einf\u00fcgen, ganz nach der Entwicklung des Kindes. Es ist&#8230; <a class=\"more-link\" href=\"https:\/\/www.benevolenti.com\/de\/produkt\/reparatur-horoskopkette\/\">Mehr<\/a><\/p>\n","protected":false},"featured_media":21304,"comment_status":"open","ping_status":"closed","template":"","meta":[],"product_brand":[],"product_cat":[745],"product_tag":[],"class_list":{"0":"post-23695","1":"product","2":"type-product","3":"status-publish","4":"has-post-thumbnail","6":"product_cat-services","8":"first","9":"instock","10":"shipping-taxable","11":"purchasable","12":"product-type-simple"},"jetpack_sharing_enabled":true,"_links":{"self":[{"href":"https:\/\/www.benevolenti.com\/de\/wp-json\/wp\/v2\/product\/23695","targetHints":{"allow":["GET"]}}],"collection":[{"href":"https:\/\/www.benevolenti.com\/de\/wp-json\/wp\/v2\/product"}],"about":[{"href":"https:\/\/www.benevolenti.com\/de\/wp-json\/wp\/v2\/types\/product"}],"replies":[{"embeddable":true,"href":"https:\/\/www.benevolenti.com\/de\/wp-json\/wp\/v2\/comments?post=23695"}],"wp:featuredmedia":[{"embeddable":true,"href":"https:\/\/www.benevolenti.com\/de\/wp-json\/wp\/v2\/media\/21304"}],"wp:attachment":[{"href":"https:\/\/www.benevolenti.com\/de\/wp-json\/wp\/v2\/media?parent=23695"}],"wp:term":[{"taxonomy":"product_brand","embeddable":true,"href":"https:\/\/www.benevolenti.com\/de\/wp-json\/wp\/v2\/product_brand?post=23695"},{"taxonomy":"product_cat","embeddable":true,"href":"https:\/\/www.benevolenti.com\/de\/wp-json\/wp\/v2\/product_cat?post=23695"},{"taxonomy":"product_tag","embeddable":true,"href":"https:\/\/www.benevolenti.com\/de\/wp-json\/wp\/v2\/product_tag?post=23695"}],"curies":[{"name":"wp","href":"https:\/\/api.w.org\/{rel}","templated":true}]}}