{"id":23637,"date":"2026-04-14T17:25:41","date_gmt":"2026-04-14T15:25:41","guid":{"rendered":"https:\/\/www.benevolenti.com\/?post_type=product&#038;p=23637"},"modified":"2026-04-14T17:26:08","modified_gmt":"2026-04-14T15:26:08","slug":"choker-aquamarin","status":"publish","type":"product","link":"https:\/\/www.benevolenti.com\/de\/produkt\/choker-aquamarin\/","title":{"rendered":"CHOKER Aquamarin"},"content":{"rendered":"<p>Diesen klitzekleinen Aquamarin in einer wundersch\u00f6nen Qualit\u00e4t und Facettierung habe ich zu einem Choker verarbeitet. Damit er perfekt am Hals sitzt, l\u00e4sst sich die L\u00e4nge der Halskette frei bestimmen.<\/p>\n<p>Ich trage ihn t\u00e4glich, er eignet sich auch f\u00fcr Frauen, die keinen Schmuck tragen, weil er so leicht ist. Gleichzeitig l\u00e4sst sich perfekt kombinieren mit allen anderen Lieblingsschmuckst\u00fccken, auch wenn die Sammlung schon gross ist ;o).<\/p>\n<p>Aquamarin 5mm, an einer (vergoldeten) 925 Silberkette.<\/p>\n","protected":false},"excerpt":{"rendered":"<p>Diesen klitzekleinen Aquamarin in einer wundersch\u00f6nen Qualit\u00e4t und Facettierung habe ich zu einem Choker verarbeitet. Damit er perfekt am Hals sitzt, l\u00e4sst sich die L\u00e4nge der Halskette frei bestimmen. Ich trage ihn t\u00e4glich, er eignet sich auch f\u00fcr Frauen, die keinen Schmuck tragen, weil er so leicht ist. Gleichzeitig l\u00e4sst&#8230; <a class=\"more-link\" href=\"https:\/\/www.benevolenti.com\/de\/produkt\/choker-aquamarin\/\">Mehr<\/a><\/p>\n","protected":false},"featured_media":23642,"comment_status":"open","ping_status":"closed","template":"","meta":[],"product_brand":[],"product_cat":[199,332,594],"product_tag":[609],"class_list":{"0":"post-23637","1":"product","2":"type-product","3":"status-publish","4":"has-post-thumbnail","6":"product_cat-neu","7":"product_cat-ketten","8":"product_cat-erfolg-selbstvertrauen","9":"product_tag-aquamarin","11":"first","12":"instock","13":"shipping-taxable","14":"purchasable","15":"product-type-variable"},"jetpack_sharing_enabled":true,"_links":{"self":[{"href":"https:\/\/www.benevolenti.com\/de\/wp-json\/wp\/v2\/product\/23637","targetHints":{"allow":["GET"]}}],"collection":[{"href":"https:\/\/www.benevolenti.com\/de\/wp-json\/wp\/v2\/product"}],"about":[{"href":"https:\/\/www.benevolenti.com\/de\/wp-json\/wp\/v2\/types\/product"}],"replies":[{"embeddable":true,"href":"https:\/\/www.benevolenti.com\/de\/wp-json\/wp\/v2\/comments?post=23637"}],"wp:featuredmedia":[{"embeddable":true,"href":"https:\/\/www.benevolenti.com\/de\/wp-json\/wp\/v2\/media\/23642"}],"wp:attachment":[{"href":"https:\/\/www.benevolenti.com\/de\/wp-json\/wp\/v2\/media?parent=23637"}],"wp:term":[{"taxonomy":"product_brand","embeddable":true,"href":"https:\/\/www.benevolenti.com\/de\/wp-json\/wp\/v2\/product_brand?post=23637"},{"taxonomy":"product_cat","embeddable":true,"href":"https:\/\/www.benevolenti.com\/de\/wp-json\/wp\/v2\/product_cat?post=23637"},{"taxonomy":"product_tag","embeddable":true,"href":"https:\/\/www.benevolenti.com\/de\/wp-json\/wp\/v2\/product_tag?post=23637"}],"curies":[{"name":"wp","href":"https:\/\/api.w.org\/{rel}","templated":true}]}}