{"id":23629,"date":"2026-04-14T17:41:05","date_gmt":"2026-04-14T15:41:05","guid":{"rendered":"https:\/\/www.benevolenti.com\/?post_type=product&#038;p=23629"},"modified":"2026-04-14T17:47:07","modified_gmt":"2026-04-14T15:47:07","slug":"armband-sfifa-fein","status":"publish","type":"product","link":"https:\/\/www.benevolenti.com\/de\/produkt\/armband-sfifa-fein\/","title":{"rendered":"ARMBAND Sfifa fein"},"content":{"rendered":"<p>Ein feines Sfifa Armband, das mit deinem Lieblingsedelstein erg\u00e4nzt werden kann. Dieses Armband l\u00e4sst sich stufenlos verstellen und l\u00e4sst sich eng am Arm tragen.<\/p>\n<p>Wie ihr wisst, schreibe ich sehr gerne Karten und noch lieber lasse ich die Welt wissen, was man mit Steinen so alles anstellen kann. Daher freue ich mich, wenn ich eine Karte mit Wunsch und Steinwirkung dazu schreiben kann.<\/p>\n<p>Ohne Stein wird das Armband in einem Papierumschlag geliefert ohne Karte.<\/p>\n<p>Sfifa Armband und Lieblingsedelstein 4mm.<\/p>\n<p>&nbsp;<\/p>\n<p>&nbsp;<\/p>\n","protected":false},"excerpt":{"rendered":"<p>Ein feines Sfifa Armband, das mit deinem Lieblingsedelstein erg\u00e4nzt werden kann. Dieses Armband l\u00e4sst sich stufenlos verstellen und l\u00e4sst sich eng am Arm tragen. Wie ihr wisst, schreibe ich sehr gerne Karten und noch lieber lasse ich die Welt wissen, was man mit Steinen so alles anstellen kann. Daher freue&#8230; <a class=\"more-link\" href=\"https:\/\/www.benevolenti.com\/de\/produkt\/armband-sfifa-fein\/\">Mehr<\/a><\/p>\n","protected":false},"featured_media":23632,"comment_status":"open","ping_status":"closed","template":"","meta":[],"product_brand":[],"product_cat":[199,336],"product_tag":[],"class_list":{"0":"post-23629","1":"product","2":"type-product","3":"status-publish","4":"has-post-thumbnail","6":"product_cat-neu","7":"product_cat-seide","9":"first","10":"instock","11":"shipping-taxable","12":"purchasable","13":"product-type-variable"},"jetpack_sharing_enabled":true,"_links":{"self":[{"href":"https:\/\/www.benevolenti.com\/de\/wp-json\/wp\/v2\/product\/23629","targetHints":{"allow":["GET"]}}],"collection":[{"href":"https:\/\/www.benevolenti.com\/de\/wp-json\/wp\/v2\/product"}],"about":[{"href":"https:\/\/www.benevolenti.com\/de\/wp-json\/wp\/v2\/types\/product"}],"replies":[{"embeddable":true,"href":"https:\/\/www.benevolenti.com\/de\/wp-json\/wp\/v2\/comments?post=23629"}],"wp:featuredmedia":[{"embeddable":true,"href":"https:\/\/www.benevolenti.com\/de\/wp-json\/wp\/v2\/media\/23632"}],"wp:attachment":[{"href":"https:\/\/www.benevolenti.com\/de\/wp-json\/wp\/v2\/media?parent=23629"}],"wp:term":[{"taxonomy":"product_brand","embeddable":true,"href":"https:\/\/www.benevolenti.com\/de\/wp-json\/wp\/v2\/product_brand?post=23629"},{"taxonomy":"product_cat","embeddable":true,"href":"https:\/\/www.benevolenti.com\/de\/wp-json\/wp\/v2\/product_cat?post=23629"},{"taxonomy":"product_tag","embeddable":true,"href":"https:\/\/www.benevolenti.com\/de\/wp-json\/wp\/v2\/product_tag?post=23629"}],"curies":[{"name":"wp","href":"https:\/\/api.w.org\/{rel}","templated":true}]}}