{"id":23593,"date":"2026-04-14T11:28:47","date_gmt":"2026-04-14T09:28:47","guid":{"rendered":"https:\/\/www.benevolenti.com\/?post_type=product&#038;p=23593"},"modified":"2026-04-14T14:28:16","modified_gmt":"2026-04-14T12:28:16","slug":"wunsch-armband-merci","status":"publish","type":"product","link":"https:\/\/www.benevolenti.com\/de\/produkt\/wunsch-armband-merci\/","title":{"rendered":"WUNSCH ARMBAND merci"},"content":{"rendered":"<p>Mit einem Wunscharmband l\u00e4sst sich wunderbar MERCI sagen.<\/p>\n<p>Ob zum Muttertag, f\u00fcr die Chefin oder Mitarbeiterin nach einem erfolgreichen Projekt oder f\u00fcr die beste Freundin f\u00fcr die Unterst\u00fctzung w\u00e4hrend einer schweren Zeit.<\/p>\n<p>Es braucht kein Rosenquarz zu sein, gerne auch mit einem Stein deiner Wahl.<\/p>\n<p>Edelstein mit (vergoldetem) Silberherz an 100% Naturseide oder einem Sfifa Band.<br \/>\nZum fest Verkn\u00fcpfen.<\/p>\n","protected":false},"excerpt":{"rendered":"<p>Mit einem Wunscharmband l\u00e4sst sich wunderbar MERCI sagen. Ob zum Muttertag, f\u00fcr die Chefin oder Mitarbeiterin nach einem erfolgreichen Projekt oder f\u00fcr die beste Freundin f\u00fcr die Unterst\u00fctzung w\u00e4hrend einer schweren Zeit. Es braucht kein Rosenquarz zu sein, gerne auch mit einem Stein deiner Wahl. Edelstein mit (vergoldetem) Silberherz an&#8230; <a class=\"more-link\" href=\"https:\/\/www.benevolenti.com\/de\/produkt\/wunsch-armband-merci\/\">Mehr<\/a><\/p>\n","protected":false},"featured_media":23608,"comment_status":"open","ping_status":"closed","template":"","meta":[],"product_brand":[],"product_cat":[199,708,707,643,336],"product_tag":[],"class_list":{"0":"post-23593","1":"product","2":"type-product","3":"status-publish","4":"has-post-thumbnail","6":"product_cat-neu","7":"product_cat-weihnachten-2","8":"product_cat-freude-zufriedenheit","9":"product_cat-geschenke-fuer-sie","10":"product_cat-seide","12":"first","13":"instock","14":"shipping-taxable","15":"purchasable","16":"product-type-variable","17":"has-default-attributes"},"jetpack_sharing_enabled":true,"_links":{"self":[{"href":"https:\/\/www.benevolenti.com\/de\/wp-json\/wp\/v2\/product\/23593","targetHints":{"allow":["GET"]}}],"collection":[{"href":"https:\/\/www.benevolenti.com\/de\/wp-json\/wp\/v2\/product"}],"about":[{"href":"https:\/\/www.benevolenti.com\/de\/wp-json\/wp\/v2\/types\/product"}],"replies":[{"embeddable":true,"href":"https:\/\/www.benevolenti.com\/de\/wp-json\/wp\/v2\/comments?post=23593"}],"wp:featuredmedia":[{"embeddable":true,"href":"https:\/\/www.benevolenti.com\/de\/wp-json\/wp\/v2\/media\/23608"}],"wp:attachment":[{"href":"https:\/\/www.benevolenti.com\/de\/wp-json\/wp\/v2\/media?parent=23593"}],"wp:term":[{"taxonomy":"product_brand","embeddable":true,"href":"https:\/\/www.benevolenti.com\/de\/wp-json\/wp\/v2\/product_brand?post=23593"},{"taxonomy":"product_cat","embeddable":true,"href":"https:\/\/www.benevolenti.com\/de\/wp-json\/wp\/v2\/product_cat?post=23593"},{"taxonomy":"product_tag","embeddable":true,"href":"https:\/\/www.benevolenti.com\/de\/wp-json\/wp\/v2\/product_tag?post=23593"}],"curies":[{"name":"wp","href":"https:\/\/api.w.org\/{rel}","templated":true}]}}