{"id":23569,"date":"2026-04-03T22:57:23","date_gmt":"2026-04-03T20:57:23","guid":{"rendered":"https:\/\/www.benevolenti.com\/?post_type=product&#038;p=23569"},"modified":"2026-04-03T23:05:04","modified_gmt":"2026-04-03T21:05:04","slug":"armband-sfifa-stein","status":"publish","type":"product","link":"https:\/\/www.benevolenti.com\/de\/produkt\/armband-sfifa-stein\/","title":{"rendered":"ARMBAND Sfifa &#038; Stein"},"content":{"rendered":"<p>In Marrakech habe ich verschiedene Sfifa B\u00e4nder f\u00fcr euch erstanden, in Z\u00fcrich habe ich sie zu Armb\u00e4ndern gekn\u00fcpft und sie mit Steinen kombiniert, um sie euch vorzustellen.<\/p>\n<p>Formen und Farben sind keine Grenzen gesetzt, es war die Qual der Wahl ;o). Um die getroffene Auswahl identifizieren zu k\u00f6nnen, habe ich sie mit Steinarmb\u00e4ndern kombiniert. Diese k\u00f6nnen hier bestellt werden: <a href=\"https:\/\/www.benevolenti.com\/de\/produkt\/armband-eibenbeere-midi\/?_gl=1*hoy0c2*_up*MQ..*_ga*MjA2ODM4MDM4Ny4xNzQyMTk3OTEy*_ga_P5C85TRS11*czE3NzUyNDg5OTIkbzMyMCRnMSR0MTc3NTI1MDEzNiRqNTEkbDAkaDA.\">Steinarmb\u00e4nder<\/a><\/p>\n","protected":false},"excerpt":{"rendered":"<p>In Marrakech habe ich verschiedene Sfifa B\u00e4nder f\u00fcr euch erstanden, in Z\u00fcrich habe ich sie zu Armb\u00e4ndern gekn\u00fcpft und sie mit Steinen kombiniert, um sie euch vorzustellen. Formen und Farben sind keine Grenzen gesetzt, es war die Qual der Wahl ;o). Um die getroffene Auswahl identifizieren zu k\u00f6nnen, habe ich&#8230; <a class=\"more-link\" href=\"https:\/\/www.benevolenti.com\/de\/produkt\/armband-sfifa-stein\/\">Mehr<\/a><\/p>\n","protected":false},"featured_media":23567,"comment_status":"open","ping_status":"closed","template":"","meta":[],"product_brand":[],"product_cat":[199,336],"product_tag":[],"class_list":{"0":"post-23569","1":"product","2":"type-product","3":"status-publish","4":"has-post-thumbnail","6":"product_cat-neu","7":"product_cat-seide","9":"first","10":"instock","11":"shipping-taxable","12":"purchasable","13":"product-type-variable"},"jetpack_sharing_enabled":true,"_links":{"self":[{"href":"https:\/\/www.benevolenti.com\/de\/wp-json\/wp\/v2\/product\/23569","targetHints":{"allow":["GET"]}}],"collection":[{"href":"https:\/\/www.benevolenti.com\/de\/wp-json\/wp\/v2\/product"}],"about":[{"href":"https:\/\/www.benevolenti.com\/de\/wp-json\/wp\/v2\/types\/product"}],"replies":[{"embeddable":true,"href":"https:\/\/www.benevolenti.com\/de\/wp-json\/wp\/v2\/comments?post=23569"}],"wp:featuredmedia":[{"embeddable":true,"href":"https:\/\/www.benevolenti.com\/de\/wp-json\/wp\/v2\/media\/23567"}],"wp:attachment":[{"href":"https:\/\/www.benevolenti.com\/de\/wp-json\/wp\/v2\/media?parent=23569"}],"wp:term":[{"taxonomy":"product_brand","embeddable":true,"href":"https:\/\/www.benevolenti.com\/de\/wp-json\/wp\/v2\/product_brand?post=23569"},{"taxonomy":"product_cat","embeddable":true,"href":"https:\/\/www.benevolenti.com\/de\/wp-json\/wp\/v2\/product_cat?post=23569"},{"taxonomy":"product_tag","embeddable":true,"href":"https:\/\/www.benevolenti.com\/de\/wp-json\/wp\/v2\/product_tag?post=23569"}],"curies":[{"name":"wp","href":"https:\/\/api.w.org\/{rel}","templated":true}]}}