{"id":23515,"date":"2026-03-03T19:35:23","date_gmt":"2026-03-03T18:35:23","guid":{"rendered":"https:\/\/www.benevolenti.com\/?post_type=product&#038;p=23515"},"modified":"2026-04-03T21:45:04","modified_gmt":"2026-04-03T19:45:04","slug":"wunsch-armband-marienkaeferli","status":"publish","type":"product","link":"https:\/\/www.benevolenti.com\/de\/produkt\/wunsch-armband-marienkaeferli\/","title":{"rendered":"WUNSCH ARMBAND Marienk\u00e4ferli"},"content":{"rendered":"<p>Ob zur Geburt, zur Taufe, zum Kindergarten Eintritt oder Schulanfang, dieser kleine Gl\u00fccksbringer mit Seidenband passt immer.<\/p>\n<p>Die beiden Steine k\u00f6nnen frei gew\u00e4hlt werden:<\/p>\n<p><span>Amethyst (violett): Konzentration und Friede<\/span><br \/>\n<span>Aventurin (gr\u00fcn): Mut und Gelassenheit<\/span><br \/>\n<span>Calcit (gelb): Wachstum und Selbstvertrauen<\/span><br \/>\n<span>Dumortierit (blau): Freundschaft und Mut<\/span><br \/>\n<span>Karneol (braun): Mut und gute Laune<\/span><br \/>\n<span>Flint (grau): Selbstvertrauen und Gelassenheit<\/span><br \/>\n<span>Rosenquarz (rosa): Leidenschaft und Herzenskraft<\/span><br \/>\n<span>Schwarzer Turmalin: Schutz und Gelassenheit<\/span><br \/>\n<span>T\u00fcrkis: Schutz und Freude<\/span><\/p>\n<p>Bitte beim Auschecken Vorname des Kindes angeben, dann kann ich das K\u00e4rtchen pers\u00f6nlich gestalten. Merci!<\/p>\n","protected":false},"excerpt":{"rendered":"<p>Ob zur Geburt, zur Taufe, zum Kindergarten Eintritt oder Schulanfang, dieser kleine Gl\u00fccksbringer mit Seidenband passt immer. Die beiden Steine k\u00f6nnen frei gew\u00e4hlt werden: Amethyst (violett): Konzentration und Friede Aventurin (gr\u00fcn): Mut und Gelassenheit Calcit (gelb): Wachstum und Selbstvertrauen Dumortierit (blau): Freundschaft und Mut Karneol (braun): Mut und gute Laune&#8230; <a class=\"more-link\" href=\"https:\/\/www.benevolenti.com\/de\/produkt\/wunsch-armband-marienkaeferli\/\">Mehr<\/a><\/p>\n","protected":false},"featured_media":23517,"comment_status":"open","ping_status":"closed","template":"","meta":[],"product_brand":[],"product_cat":[199,741,645,336],"product_tag":[448,619,620,621,622,596,610,604,671],"class_list":{"0":"post-23515","1":"product","2":"type-product","3":"status-publish","4":"has-post-thumbnail","6":"product_cat-neu","7":"product_cat-kinderarm","8":"product_cat-geschenke-fuer-kinder","9":"product_cat-seide","10":"product_tag-amethyst","11":"product_tag-aventurin","12":"product_tag-calcit","13":"product_tag-dumortierit","14":"product_tag-flint","15":"product_tag-karneol","16":"product_tag-rosenquarz","17":"product_tag-schwarzer-turmalin","18":"product_tag-tuerkis","20":"first","21":"instock","22":"shipping-taxable","23":"purchasable","24":"product-type-variable"},"jetpack_sharing_enabled":true,"_links":{"self":[{"href":"https:\/\/www.benevolenti.com\/de\/wp-json\/wp\/v2\/product\/23515","targetHints":{"allow":["GET"]}}],"collection":[{"href":"https:\/\/www.benevolenti.com\/de\/wp-json\/wp\/v2\/product"}],"about":[{"href":"https:\/\/www.benevolenti.com\/de\/wp-json\/wp\/v2\/types\/product"}],"replies":[{"embeddable":true,"href":"https:\/\/www.benevolenti.com\/de\/wp-json\/wp\/v2\/comments?post=23515"}],"wp:featuredmedia":[{"embeddable":true,"href":"https:\/\/www.benevolenti.com\/de\/wp-json\/wp\/v2\/media\/23517"}],"wp:attachment":[{"href":"https:\/\/www.benevolenti.com\/de\/wp-json\/wp\/v2\/media?parent=23515"}],"wp:term":[{"taxonomy":"product_brand","embeddable":true,"href":"https:\/\/www.benevolenti.com\/de\/wp-json\/wp\/v2\/product_brand?post=23515"},{"taxonomy":"product_cat","embeddable":true,"href":"https:\/\/www.benevolenti.com\/de\/wp-json\/wp\/v2\/product_cat?post=23515"},{"taxonomy":"product_tag","embeddable":true,"href":"https:\/\/www.benevolenti.com\/de\/wp-json\/wp\/v2\/product_tag?post=23515"}],"curies":[{"name":"wp","href":"https:\/\/api.w.org\/{rel}","templated":true}]}}