{"id":23503,"date":"2026-04-03T19:24:12","date_gmt":"2026-04-03T17:24:12","guid":{"rendered":"https:\/\/www.benevolenti.com\/?post_type=product&#038;p=23503"},"modified":"2026-04-03T19:28:21","modified_gmt":"2026-04-03T17:28:21","slug":"wunsch-armband-fluegel","status":"publish","type":"product","link":"https:\/\/www.benevolenti.com\/de\/produkt\/wunsch-armband-fluegel\/","title":{"rendered":"WUNSCH ARMBAND Fl\u00fcgel"},"content":{"rendered":"<p>Ein Wunscharmband f\u00fcr Mut und gute Laune. Und Fl\u00fcgel f\u00fcr den Alltag.<\/p>\n<p>Klitzekleine glitzernde Karneole begleiten ein Fl\u00fcgelherz und stehen f\u00fcr Mut und gute Laune. Eine 100% Naturseide vervollst\u00e4ndigt dieses feine aber starke Armband.<\/p>\n<p>&nbsp;<\/p>\n","protected":false},"excerpt":{"rendered":"<p>Ein Wunscharmband f\u00fcr Mut und gute Laune. Und Fl\u00fcgel f\u00fcr den Alltag. Klitzekleine glitzernde Karneole begleiten ein Fl\u00fcgelherz und stehen f\u00fcr Mut und gute Laune. Eine 100% Naturseide vervollst\u00e4ndigt dieses feine aber starke Armband. &nbsp;<\/p>\n","protected":false},"featured_media":23506,"comment_status":"open","ping_status":"closed","template":"","meta":[],"product_brand":[],"product_cat":[199,336,594],"product_tag":[596],"class_list":{"0":"post-23503","1":"product","2":"type-product","3":"status-publish","4":"has-post-thumbnail","6":"product_cat-neu","7":"product_cat-seide","8":"product_cat-erfolg-selbstvertrauen","9":"product_tag-karneol","11":"first","12":"instock","13":"shipping-taxable","14":"purchasable","15":"product-type-variable","16":"has-default-attributes"},"jetpack_sharing_enabled":true,"_links":{"self":[{"href":"https:\/\/www.benevolenti.com\/de\/wp-json\/wp\/v2\/product\/23503","targetHints":{"allow":["GET"]}}],"collection":[{"href":"https:\/\/www.benevolenti.com\/de\/wp-json\/wp\/v2\/product"}],"about":[{"href":"https:\/\/www.benevolenti.com\/de\/wp-json\/wp\/v2\/types\/product"}],"replies":[{"embeddable":true,"href":"https:\/\/www.benevolenti.com\/de\/wp-json\/wp\/v2\/comments?post=23503"}],"wp:featuredmedia":[{"embeddable":true,"href":"https:\/\/www.benevolenti.com\/de\/wp-json\/wp\/v2\/media\/23506"}],"wp:attachment":[{"href":"https:\/\/www.benevolenti.com\/de\/wp-json\/wp\/v2\/media?parent=23503"}],"wp:term":[{"taxonomy":"product_brand","embeddable":true,"href":"https:\/\/www.benevolenti.com\/de\/wp-json\/wp\/v2\/product_brand?post=23503"},{"taxonomy":"product_cat","embeddable":true,"href":"https:\/\/www.benevolenti.com\/de\/wp-json\/wp\/v2\/product_cat?post=23503"},{"taxonomy":"product_tag","embeddable":true,"href":"https:\/\/www.benevolenti.com\/de\/wp-json\/wp\/v2\/product_tag?post=23503"}],"curies":[{"name":"wp","href":"https:\/\/api.w.org\/{rel}","templated":true}]}}