{"id":23485,"date":"2026-04-03T19:02:40","date_gmt":"2026-04-03T17:02:40","guid":{"rendered":"https:\/\/www.benevolenti.com\/?post_type=product&#038;p=23485"},"modified":"2026-04-03T19:07:33","modified_gmt":"2026-04-03T17:07:33","slug":"set-aquamarin-tropfen","status":"publish","type":"product","link":"https:\/\/www.benevolenti.com\/de\/produkt\/set-aquamarin-tropfen\/","title":{"rendered":"SET Aquamarin Tropfen"},"content":{"rendered":"<p>Edle Tropfen facettierter Aquamarine f\u00fcr etwas Glitzer im ganz gew\u00f6hnlichen Alltag.<\/p>\n<p>Immer im Fr\u00fchling f\u00fchle ich mich unglaublich zum Aquamarin hingezogen. Ob es am aufkommenden Heuschnupfen liegt oder am wundersch\u00f6nen hellblauen Funkeln dieses wertvollen Edelsteines spielt keine Rolle&#8230; diese Tropfen haben eine unglaublich tolle Qualit\u00e4t.<\/p>\n<p>Halskette mit 42cm L\u00e4nge. Kreolen und Kette (vergoldetes) 925 Silber.<\/p>\n<p>&nbsp;<\/p>\n<p>&nbsp;<\/p>\n","protected":false},"excerpt":{"rendered":"<p>Edle Tropfen facettierter Aquamarine f\u00fcr etwas Glitzer im ganz gew\u00f6hnlichen Alltag. Immer im Fr\u00fchling f\u00fchle ich mich unglaublich zum Aquamarin hingezogen. Ob es am aufkommenden Heuschnupfen liegt oder am wundersch\u00f6nen hellblauen Funkeln dieses wertvollen Edelsteines spielt keine Rolle&#8230; diese Tropfen haben eine unglaublich tolle Qualit\u00e4t. Halskette mit 42cm L\u00e4nge. Kreolen&#8230; <a class=\"more-link\" href=\"https:\/\/www.benevolenti.com\/de\/produkt\/set-aquamarin-tropfen\/\">Mehr<\/a><\/p>\n","protected":false},"featured_media":23488,"comment_status":"open","ping_status":"closed","template":"","meta":[],"product_brand":[],"product_cat":[199,332,220,679],"product_tag":[609],"class_list":{"0":"post-23485","1":"product","2":"type-product","3":"status-publish","4":"has-post-thumbnail","6":"product_cat-neu","7":"product_cat-ketten","8":"product_cat-ohrschmuck","9":"product_cat-hochzeit","10":"product_tag-aquamarin","12":"first","13":"instock","14":"shipping-taxable","15":"purchasable","16":"product-type-variable"},"jetpack_sharing_enabled":true,"_links":{"self":[{"href":"https:\/\/www.benevolenti.com\/de\/wp-json\/wp\/v2\/product\/23485","targetHints":{"allow":["GET"]}}],"collection":[{"href":"https:\/\/www.benevolenti.com\/de\/wp-json\/wp\/v2\/product"}],"about":[{"href":"https:\/\/www.benevolenti.com\/de\/wp-json\/wp\/v2\/types\/product"}],"replies":[{"embeddable":true,"href":"https:\/\/www.benevolenti.com\/de\/wp-json\/wp\/v2\/comments?post=23485"}],"wp:featuredmedia":[{"embeddable":true,"href":"https:\/\/www.benevolenti.com\/de\/wp-json\/wp\/v2\/media\/23488"}],"wp:attachment":[{"href":"https:\/\/www.benevolenti.com\/de\/wp-json\/wp\/v2\/media?parent=23485"}],"wp:term":[{"taxonomy":"product_brand","embeddable":true,"href":"https:\/\/www.benevolenti.com\/de\/wp-json\/wp\/v2\/product_brand?post=23485"},{"taxonomy":"product_cat","embeddable":true,"href":"https:\/\/www.benevolenti.com\/de\/wp-json\/wp\/v2\/product_cat?post=23485"},{"taxonomy":"product_tag","embeddable":true,"href":"https:\/\/www.benevolenti.com\/de\/wp-json\/wp\/v2\/product_tag?post=23485"}],"curies":[{"name":"wp","href":"https:\/\/api.w.org\/{rel}","templated":true}]}}