{"id":23466,"date":"2026-04-03T13:30:04","date_gmt":"2026-04-03T11:30:04","guid":{"rendered":"https:\/\/www.benevolenti.com\/?post_type=product&#038;p=23466"},"modified":"2026-04-03T17:28:11","modified_gmt":"2026-04-03T15:28:11","slug":"kreolen-glueck","status":"publish","type":"product","link":"https:\/\/www.benevolenti.com\/de\/produkt\/kreolen-glueck\/","title":{"rendered":"KREOLEN Gl\u00fcck"},"content":{"rendered":"<p>Klassische BENEVOLENTI Kreolen mit einem Gl\u00fccksklee Anh\u00e4nger aus (vergoldetem) Silber.<\/p>\n","protected":false},"excerpt":{"rendered":"<p>Klassische BENEVOLENTI Kreolen mit einem Gl\u00fccksklee Anh\u00e4nger aus (vergoldetem) Silber.<\/p>\n","protected":false},"featured_media":23467,"comment_status":"open","ping_status":"closed","template":"","meta":[],"product_brand":[],"product_cat":[199,588,220],"product_tag":[],"class_list":{"0":"post-23466","1":"product","2":"type-product","3":"status-publish","4":"has-post-thumbnail","6":"product_cat-neu","7":"product_cat-liebe-glueck","8":"product_cat-ohrschmuck","10":"first","11":"instock","12":"shipping-taxable","13":"purchasable","14":"product-type-variable","15":"has-default-attributes"},"jetpack_sharing_enabled":true,"_links":{"self":[{"href":"https:\/\/www.benevolenti.com\/de\/wp-json\/wp\/v2\/product\/23466","targetHints":{"allow":["GET"]}}],"collection":[{"href":"https:\/\/www.benevolenti.com\/de\/wp-json\/wp\/v2\/product"}],"about":[{"href":"https:\/\/www.benevolenti.com\/de\/wp-json\/wp\/v2\/types\/product"}],"replies":[{"embeddable":true,"href":"https:\/\/www.benevolenti.com\/de\/wp-json\/wp\/v2\/comments?post=23466"}],"wp:featuredmedia":[{"embeddable":true,"href":"https:\/\/www.benevolenti.com\/de\/wp-json\/wp\/v2\/media\/23467"}],"wp:attachment":[{"href":"https:\/\/www.benevolenti.com\/de\/wp-json\/wp\/v2\/media?parent=23466"}],"wp:term":[{"taxonomy":"product_brand","embeddable":true,"href":"https:\/\/www.benevolenti.com\/de\/wp-json\/wp\/v2\/product_brand?post=23466"},{"taxonomy":"product_cat","embeddable":true,"href":"https:\/\/www.benevolenti.com\/de\/wp-json\/wp\/v2\/product_cat?post=23466"},{"taxonomy":"product_tag","embeddable":true,"href":"https:\/\/www.benevolenti.com\/de\/wp-json\/wp\/v2\/product_tag?post=23466"}],"curies":[{"name":"wp","href":"https:\/\/api.w.org\/{rel}","templated":true}]}}