{"id":23454,"date":"2026-04-03T12:56:38","date_gmt":"2026-04-03T10:56:38","guid":{"rendered":"https:\/\/www.benevolenti.com\/?post_type=product&#038;p=23454"},"modified":"2026-04-03T13:11:22","modified_gmt":"2026-04-03T11:11:22","slug":"halskette-amethyst-zwiebelchen","status":"publish","type":"product","link":"https:\/\/www.benevolenti.com\/de\/produkt\/halskette-amethyst-zwiebelchen\/","title":{"rendered":"HALSKETTE Amethyst Zwiebelchen"},"content":{"rendered":"<p>Eine filigrane Halskette mit einem edlen Amethyst Zwiebelchen. Als Zeichen f\u00fcr den Fr\u00fchling mit einem zarten lila und wundersch\u00f6n facettiert.<\/p>\n<p>Das gibt es nur 2 Mal.<\/p>\n<p>L\u00e4nge der Halskette 41cm, 925 Silber vergoldet.<\/p>\n","protected":false},"excerpt":{"rendered":"<p>Eine filigrane Halskette mit einem edlen Amethyst Zwiebelchen. Als Zeichen f\u00fcr den Fr\u00fchling mit einem zarten lila und wundersch\u00f6n facettiert. Das gibt es nur 2 Mal. L\u00e4nge der Halskette 41cm, 925 Silber vergoldet.<\/p>\n","protected":false},"featured_media":23455,"comment_status":"open","ping_status":"closed","template":"","meta":[],"product_brand":[],"product_cat":[199,737],"product_tag":[448],"class_list":{"0":"post-23454","1":"product","2":"type-product","3":"status-publish","4":"has-post-thumbnail","6":"product_cat-neu","7":"product_cat-1oak","8":"product_tag-amethyst","10":"first","11":"instock","12":"shipping-taxable","13":"purchasable","14":"product-type-simple"},"jetpack_sharing_enabled":true,"_links":{"self":[{"href":"https:\/\/www.benevolenti.com\/de\/wp-json\/wp\/v2\/product\/23454","targetHints":{"allow":["GET"]}}],"collection":[{"href":"https:\/\/www.benevolenti.com\/de\/wp-json\/wp\/v2\/product"}],"about":[{"href":"https:\/\/www.benevolenti.com\/de\/wp-json\/wp\/v2\/types\/product"}],"replies":[{"embeddable":true,"href":"https:\/\/www.benevolenti.com\/de\/wp-json\/wp\/v2\/comments?post=23454"}],"wp:featuredmedia":[{"embeddable":true,"href":"https:\/\/www.benevolenti.com\/de\/wp-json\/wp\/v2\/media\/23455"}],"wp:attachment":[{"href":"https:\/\/www.benevolenti.com\/de\/wp-json\/wp\/v2\/media?parent=23454"}],"wp:term":[{"taxonomy":"product_brand","embeddable":true,"href":"https:\/\/www.benevolenti.com\/de\/wp-json\/wp\/v2\/product_brand?post=23454"},{"taxonomy":"product_cat","embeddable":true,"href":"https:\/\/www.benevolenti.com\/de\/wp-json\/wp\/v2\/product_cat?post=23454"},{"taxonomy":"product_tag","embeddable":true,"href":"https:\/\/www.benevolenti.com\/de\/wp-json\/wp\/v2\/product_tag?post=23454"}],"curies":[{"name":"wp","href":"https:\/\/api.w.org\/{rel}","templated":true}]}}