{"id":23443,"date":"2026-04-03T12:18:59","date_gmt":"2026-04-03T10:18:59","guid":{"rendered":"https:\/\/www.benevolenti.com\/?post_type=product&#038;p=23443"},"modified":"2026-04-03T12:18:59","modified_gmt":"2026-04-03T10:18:59","slug":"wunscharmband-perle","status":"publish","type":"product","link":"https:\/\/www.benevolenti.com\/de\/produkt\/wunscharmband-perle\/","title":{"rendered":"WUNSCHARMBAND Perle"},"content":{"rendered":"<p>Eine nat\u00fcrliche Perle steht im Zentrum dieses Wunscharmbands. Flankiert von zwei (vergoldeten) Silberkugeln ist dieses Wunscharmband in der L\u00e4nge frei verschiebbar und f\u00fcgt sich so wunderbar zu deiner Lieblingsschmuck Sammlung.<\/p>\n<p>Perle auf Naturseide gezogen. L\u00e4nge frei verschiebbar.<\/p>\n","protected":false},"excerpt":{"rendered":"<p>Eine nat\u00fcrliche Perle steht im Zentrum dieses Wunscharmbands. Flankiert von zwei (vergoldeten) Silberkugeln ist dieses Wunscharmband in der L\u00e4nge frei verschiebbar und f\u00fcgt sich so wunderbar zu deiner Lieblingsschmuck Sammlung. Perle auf Naturseide gezogen. L\u00e4nge frei verschiebbar.<\/p>\n","protected":false},"featured_media":23445,"comment_status":"open","ping_status":"closed","template":"","meta":[],"product_brand":[],"product_cat":[199,587,336],"product_tag":[630],"class_list":{"0":"post-23443","1":"product","2":"type-product","3":"status-publish","4":"has-post-thumbnail","6":"product_cat-neu","7":"product_cat-ausgeglichenheit-gelassenheit","8":"product_cat-seide","9":"product_tag-perle","11":"first","12":"instock","13":"shipping-taxable","14":"purchasable","15":"product-type-variable"},"jetpack_sharing_enabled":true,"_links":{"self":[{"href":"https:\/\/www.benevolenti.com\/de\/wp-json\/wp\/v2\/product\/23443","targetHints":{"allow":["GET"]}}],"collection":[{"href":"https:\/\/www.benevolenti.com\/de\/wp-json\/wp\/v2\/product"}],"about":[{"href":"https:\/\/www.benevolenti.com\/de\/wp-json\/wp\/v2\/types\/product"}],"replies":[{"embeddable":true,"href":"https:\/\/www.benevolenti.com\/de\/wp-json\/wp\/v2\/comments?post=23443"}],"wp:featuredmedia":[{"embeddable":true,"href":"https:\/\/www.benevolenti.com\/de\/wp-json\/wp\/v2\/media\/23445"}],"wp:attachment":[{"href":"https:\/\/www.benevolenti.com\/de\/wp-json\/wp\/v2\/media?parent=23443"}],"wp:term":[{"taxonomy":"product_brand","embeddable":true,"href":"https:\/\/www.benevolenti.com\/de\/wp-json\/wp\/v2\/product_brand?post=23443"},{"taxonomy":"product_cat","embeddable":true,"href":"https:\/\/www.benevolenti.com\/de\/wp-json\/wp\/v2\/product_cat?post=23443"},{"taxonomy":"product_tag","embeddable":true,"href":"https:\/\/www.benevolenti.com\/de\/wp-json\/wp\/v2\/product_tag?post=23443"}],"curies":[{"name":"wp","href":"https:\/\/api.w.org\/{rel}","templated":true}]}}