{"id":23135,"date":"2025-11-13T18:35:04","date_gmt":"2025-11-13T17:35:04","guid":{"rendered":"https:\/\/www.benevolenti.com\/?post_type=product&#038;p=23135"},"modified":"2026-04-03T11:27:08","modified_gmt":"2026-04-03T09:27:08","slug":"armband-frauensteine","status":"publish","type":"product","link":"https:\/\/www.benevolenti.com\/de\/produkt\/armband-frauensteine\/","title":{"rendered":"ARMBAND Frauensteine"},"content":{"rendered":"<p>Ein wundersch\u00f6nes Mondstein Armband, dem klassischen Frauenstein, wartet auf dich. Mondstein ist bei gr\u00f6sseren hormonellen Umstellungen der Stein der Wahl.<\/p>\n<p><strong>Ob im regelm\u00e4ssigen Mondrhythmus oder den gr\u00f6sseren hormonellen Umw\u00e4lzungen im Leben einer Frau wie <\/strong><strong>Pubert\u00e4t, Kinderwunsch, Schwangerschaft oder Menopause ist Mondstein dein starker Begleiter.<\/strong><\/p>\n<p>Welche Eibenbeere passt zu dir? Zur Auswahl stehen<\/p>\n<ul>\n<li>Mondstein regt die Zirbeldr\u00fcse an und f\u00f6rdert die Fruchtbarkeit.<\/li>\n<li>Rauchquarz f\u00f6rdert die Entspannung und mildert seelische Verletzungen.<\/li>\n<li><span>Bronzit f\u00f6rdert eine innere Gelassenheit, Erholung und Regeneration.<\/span><\/li>\n<li>Perlen st\u00fctzen bei Trauer und st\u00e4rken den inneren Frieden.<\/li>\n<\/ul>\n<p>Armband aus Mondstein, Eibenbeeren Anh\u00e4nger aus Mondstein, Rauchquarz, Bronzit oder Perle.<br \/>\nIn der BENEVOLENTI Geschenkbox, mit Steinbeschreibung, Wunsch &#8222;Shoot for the Moon!&#8220;, ohne Versandkosten.<\/p>\n","protected":false},"excerpt":{"rendered":"<p>Ein wundersch\u00f6nes Mondstein Armband, dem klassischen Frauenstein, wartet auf dich. Mondstein ist bei gr\u00f6sseren hormonellen Umstellungen der Stein der Wahl. Ob im regelm\u00e4ssigen Mondrhythmus oder den gr\u00f6sseren hormonellen Umw\u00e4lzungen im Leben einer Frau wie Pubert\u00e4t, Kinderwunsch, Schwangerschaft oder Menopause ist Mondstein dein starker Begleiter. Welche Eibenbeere passt zu dir? Zur&#8230; <a class=\"more-link\" href=\"https:\/\/www.benevolenti.com\/de\/produkt\/armband-frauensteine\/\">Mehr<\/a><\/p>\n","protected":false},"featured_media":23143,"comment_status":"open","ping_status":"closed","template":"","meta":[],"product_brand":[],"product_cat":[199,648],"product_tag":[217,630,631],"class_list":{"0":"post-23135","1":"product","2":"type-product","3":"status-publish","4":"has-post-thumbnail","6":"product_cat-neu","7":"product_cat-schwangerschaft","8":"product_tag-mondstein","9":"product_tag-perle","10":"product_tag-rauchquarz","12":"first","13":"instock","14":"shipping-taxable","15":"purchasable","16":"product-type-variable"},"jetpack_sharing_enabled":true,"_links":{"self":[{"href":"https:\/\/www.benevolenti.com\/de\/wp-json\/wp\/v2\/product\/23135","targetHints":{"allow":["GET"]}}],"collection":[{"href":"https:\/\/www.benevolenti.com\/de\/wp-json\/wp\/v2\/product"}],"about":[{"href":"https:\/\/www.benevolenti.com\/de\/wp-json\/wp\/v2\/types\/product"}],"replies":[{"embeddable":true,"href":"https:\/\/www.benevolenti.com\/de\/wp-json\/wp\/v2\/comments?post=23135"}],"wp:featuredmedia":[{"embeddable":true,"href":"https:\/\/www.benevolenti.com\/de\/wp-json\/wp\/v2\/media\/23143"}],"wp:attachment":[{"href":"https:\/\/www.benevolenti.com\/de\/wp-json\/wp\/v2\/media?parent=23135"}],"wp:term":[{"taxonomy":"product_brand","embeddable":true,"href":"https:\/\/www.benevolenti.com\/de\/wp-json\/wp\/v2\/product_brand?post=23135"},{"taxonomy":"product_cat","embeddable":true,"href":"https:\/\/www.benevolenti.com\/de\/wp-json\/wp\/v2\/product_cat?post=23135"},{"taxonomy":"product_tag","embeddable":true,"href":"https:\/\/www.benevolenti.com\/de\/wp-json\/wp\/v2\/product_tag?post=23135"}],"curies":[{"name":"wp","href":"https:\/\/api.w.org\/{rel}","templated":true}]}}