{"id":23123,"date":"2025-11-13T17:51:40","date_gmt":"2025-11-13T16:51:40","guid":{"rendered":"https:\/\/www.benevolenti.com\/?post_type=product&#038;p=23123"},"modified":"2026-04-15T15:20:29","modified_gmt":"2026-04-15T13:20:29","slug":"armkette-kinderwunsch","status":"publish","type":"product","link":"https:\/\/www.benevolenti.com\/de\/produkt\/armkette-kinderwunsch\/","title":{"rendered":"ARMKETTE Kinderwunsch"},"content":{"rendered":"<p>Diese Steine helfen entspannt zu bleiben und zu vertrauen. Stelle dir gerne dein ganz pers\u00f6nliches Armband zusammen, du kannst 4 Steine kombinieren:<\/p>\n<ul>\n<li>Mondstein regt die Zirbeldr\u00fcse an und f\u00f6rdert die Fruchtbarkeit.<\/li>\n<li>Rosenquarz steigert die Fruchtbarkeit und Selbstliebe.<\/li>\n<li>Rhodonit heilt Verletzungen.<\/li>\n<li>Thulit befeuert die Libido und Lebensfreude.<\/li>\n<li>Rauchquarz f\u00f6rdert die Entspannung. Er mildert seelische Verletzungen und l\u00e4sst Trauer mit neuer Kraft \u00fcberwinden.<\/li>\n<li><span>Bronzit f\u00f6rdert innere Gelassenheit, Erholung und Regeneration.<\/span><\/li>\n<li>Perlen st\u00fctzen bei Trauer und lassen positive Bilder entwickeln.<\/li>\n<\/ul>\n<p>Auf dem Bild mit den Wunscharmb\u00e4ndern auf Seide siehst du:<\/p>\n<ul>\n<li>Perlen, Rosenquarz, Mondstein, Rauchquarz<\/li>\n<li>Bronzit, Rauchquarz, Mondstein, Rosenquarz<\/li>\n<li>Perlen, Rosenquarz, Rhodonit, Thulit<\/li>\n<\/ul>\n<p>Naturbelassene Edelsteine auf einer Kette (Bild der Naturseide nur f\u00fcr die weiteren Steine abgebildet). Gerne auch mit pers\u00f6nlicher Widmung,<strong> einfach einen Kommentar beim Checkout hinterlassen.<\/strong><\/p>\n","protected":false},"excerpt":{"rendered":"<p>Diese Steine helfen entspannt zu bleiben und zu vertrauen. Stelle dir gerne dein ganz pers\u00f6nliches Armband zusammen, du kannst 4 Steine kombinieren: Mondstein regt die Zirbeldr\u00fcse an und f\u00f6rdert die Fruchtbarkeit. Rosenquarz steigert die Fruchtbarkeit und Selbstliebe. Rhodonit heilt Verletzungen. Thulit befeuert die Libido und Lebensfreude. Rauchquarz f\u00f6rdert die Entspannung&#8230;. <a class=\"more-link\" href=\"https:\/\/www.benevolenti.com\/de\/produkt\/armkette-kinderwunsch\/\">Mehr<\/a><\/p>\n","protected":false},"featured_media":23388,"comment_status":"open","ping_status":"closed","template":"","meta":[],"product_brand":[],"product_cat":[199,648,338],"product_tag":[452,217,630,631,610],"class_list":{"0":"post-23123","1":"product","2":"type-product","3":"status-publish","4":"has-post-thumbnail","6":"product_cat-neu","7":"product_cat-schwangerschaft","8":"product_cat-silber","9":"product_tag-bronzit","10":"product_tag-mondstein","11":"product_tag-perle","12":"product_tag-rauchquarz","13":"product_tag-rosenquarz","15":"first","16":"instock","17":"shipping-taxable","18":"purchasable","19":"product-type-variable"},"jetpack_sharing_enabled":true,"_links":{"self":[{"href":"https:\/\/www.benevolenti.com\/de\/wp-json\/wp\/v2\/product\/23123","targetHints":{"allow":["GET"]}}],"collection":[{"href":"https:\/\/www.benevolenti.com\/de\/wp-json\/wp\/v2\/product"}],"about":[{"href":"https:\/\/www.benevolenti.com\/de\/wp-json\/wp\/v2\/types\/product"}],"replies":[{"embeddable":true,"href":"https:\/\/www.benevolenti.com\/de\/wp-json\/wp\/v2\/comments?post=23123"}],"wp:featuredmedia":[{"embeddable":true,"href":"https:\/\/www.benevolenti.com\/de\/wp-json\/wp\/v2\/media\/23388"}],"wp:attachment":[{"href":"https:\/\/www.benevolenti.com\/de\/wp-json\/wp\/v2\/media?parent=23123"}],"wp:term":[{"taxonomy":"product_brand","embeddable":true,"href":"https:\/\/www.benevolenti.com\/de\/wp-json\/wp\/v2\/product_brand?post=23123"},{"taxonomy":"product_cat","embeddable":true,"href":"https:\/\/www.benevolenti.com\/de\/wp-json\/wp\/v2\/product_cat?post=23123"},{"taxonomy":"product_tag","embeddable":true,"href":"https:\/\/www.benevolenti.com\/de\/wp-json\/wp\/v2\/product_tag?post=23123"}],"curies":[{"name":"wp","href":"https:\/\/api.w.org\/{rel}","templated":true}]}}