{"id":23106,"date":"2025-11-15T06:29:26","date_gmt":"2025-11-15T05:29:26","guid":{"rendered":"https:\/\/www.benevolenti.com\/?post_type=product&#038;p=23106"},"modified":"2026-04-15T07:38:02","modified_gmt":"2026-04-15T05:38:02","slug":"armband-schwangerschaft","status":"publish","type":"product","link":"https:\/\/www.benevolenti.com\/de\/produkt\/armband-schwangerschaft\/","title":{"rendered":"ARMBAND Schwangerschaft"},"content":{"rendered":"<p>Ein Achat f\u00fcr Geborgenheit, Ruhe und Stabilit\u00e4t ist die Basis f\u00fcr dieses Schwangerschaftsarmband. Es ist ein wunderbarer Begleiter f\u00fcr eine herausfordernde Zeit, die voller Fragen ist, \u00fcber die Gesundheit, \u00fcber bevorstehende Ver\u00e4nderungen und \u00fcber die Zukunft als Familie.<\/p>\n<p>Armband aus Achat 6mm, 925 Silber F\u00fcsschen und Eibenbeere f\u00fcr Schutz.<br \/>\nJeder Stein wird aus der Erdkruste geborgen und ist anders, gerne schicke ich vorab Bilder der Steine, die an Lager sind.<br \/>\nIn Baumwollbeutel und mit Steinbeschreibung und Wunsch.<\/p>\n","protected":false},"excerpt":{"rendered":"<p>Ein Achat f\u00fcr Geborgenheit, Ruhe und Stabilit\u00e4t ist die Basis f\u00fcr dieses Schwangerschaftsarmband. Es ist ein wunderbarer Begleiter f\u00fcr eine herausfordernde Zeit, die voller Fragen ist, \u00fcber die Gesundheit, \u00fcber bevorstehende Ver\u00e4nderungen und \u00fcber die Zukunft als Familie. Armband aus Achat 6mm, 925 Silber F\u00fcsschen und Eibenbeere f\u00fcr Schutz. Jeder&#8230; <a class=\"more-link\" href=\"https:\/\/www.benevolenti.com\/de\/produkt\/armband-schwangerschaft\/\">Mehr<\/a><\/p>\n","protected":false},"featured_media":23107,"comment_status":"open","ping_status":"closed","template":"","meta":[],"product_brand":[],"product_cat":[199,648,335],"product_tag":[],"class_list":{"0":"post-23106","1":"product","2":"type-product","3":"status-publish","4":"has-post-thumbnail","6":"product_cat-neu","7":"product_cat-schwangerschaft","8":"product_cat-steine","10":"first","11":"instock","12":"shipping-taxable","13":"purchasable","14":"product-type-simple"},"jetpack_sharing_enabled":true,"_links":{"self":[{"href":"https:\/\/www.benevolenti.com\/de\/wp-json\/wp\/v2\/product\/23106","targetHints":{"allow":["GET"]}}],"collection":[{"href":"https:\/\/www.benevolenti.com\/de\/wp-json\/wp\/v2\/product"}],"about":[{"href":"https:\/\/www.benevolenti.com\/de\/wp-json\/wp\/v2\/types\/product"}],"replies":[{"embeddable":true,"href":"https:\/\/www.benevolenti.com\/de\/wp-json\/wp\/v2\/comments?post=23106"}],"wp:featuredmedia":[{"embeddable":true,"href":"https:\/\/www.benevolenti.com\/de\/wp-json\/wp\/v2\/media\/23107"}],"wp:attachment":[{"href":"https:\/\/www.benevolenti.com\/de\/wp-json\/wp\/v2\/media?parent=23106"}],"wp:term":[{"taxonomy":"product_brand","embeddable":true,"href":"https:\/\/www.benevolenti.com\/de\/wp-json\/wp\/v2\/product_brand?post=23106"},{"taxonomy":"product_cat","embeddable":true,"href":"https:\/\/www.benevolenti.com\/de\/wp-json\/wp\/v2\/product_cat?post=23106"},{"taxonomy":"product_tag","embeddable":true,"href":"https:\/\/www.benevolenti.com\/de\/wp-json\/wp\/v2\/product_tag?post=23106"}],"curies":[{"name":"wp","href":"https:\/\/api.w.org\/{rel}","templated":true}]}}