{"id":22987,"date":"2025-11-15T16:29:18","date_gmt":"2025-11-15T15:29:18","guid":{"rendered":"https:\/\/www.benevolenti.com\/?post_type=product&#038;p=22987"},"modified":"2025-11-15T16:29:56","modified_gmt":"2025-11-15T15:29:56","slug":"halskette-chrysoberyll","status":"publish","type":"product","link":"https:\/\/www.benevolenti.com\/de\/produkt\/halskette-chrysoberyll\/","title":{"rendered":"HALSKETTE Chrysoberyll"},"content":{"rendered":"<p>Halskette mit f\u00fcnf Chrysoberyll Anh\u00e4ngern, ein seltenes Mineral f\u00fcr maximalen Erfolg.<\/p>\n<p>925 Silber (vergoldet), L\u00e4nge ca 42cm.<\/p>\n","protected":false},"excerpt":{"rendered":"<p>Halskette mit f\u00fcnf Chrysoberyll Anh\u00e4ngern, ein seltenes Mineral f\u00fcr maximalen Erfolg. 925 Silber (vergoldet), L\u00e4nge ca 42cm.<\/p>\n","protected":false},"featured_media":22989,"comment_status":"open","ping_status":"closed","template":"","meta":[],"product_brand":[],"product_cat":[199,332,594],"product_tag":[],"class_list":{"0":"post-22987","1":"product","2":"type-product","3":"status-publish","4":"has-post-thumbnail","6":"product_cat-neu","7":"product_cat-ketten","8":"product_cat-erfolg-selbstvertrauen","10":"first","11":"instock","12":"shipping-taxable","13":"purchasable","14":"product-type-variable"},"jetpack_sharing_enabled":true,"_links":{"self":[{"href":"https:\/\/www.benevolenti.com\/de\/wp-json\/wp\/v2\/product\/22987","targetHints":{"allow":["GET"]}}],"collection":[{"href":"https:\/\/www.benevolenti.com\/de\/wp-json\/wp\/v2\/product"}],"about":[{"href":"https:\/\/www.benevolenti.com\/de\/wp-json\/wp\/v2\/types\/product"}],"replies":[{"embeddable":true,"href":"https:\/\/www.benevolenti.com\/de\/wp-json\/wp\/v2\/comments?post=22987"}],"wp:featuredmedia":[{"embeddable":true,"href":"https:\/\/www.benevolenti.com\/de\/wp-json\/wp\/v2\/media\/22989"}],"wp:attachment":[{"href":"https:\/\/www.benevolenti.com\/de\/wp-json\/wp\/v2\/media?parent=22987"}],"wp:term":[{"taxonomy":"product_brand","embeddable":true,"href":"https:\/\/www.benevolenti.com\/de\/wp-json\/wp\/v2\/product_brand?post=22987"},{"taxonomy":"product_cat","embeddable":true,"href":"https:\/\/www.benevolenti.com\/de\/wp-json\/wp\/v2\/product_cat?post=22987"},{"taxonomy":"product_tag","embeddable":true,"href":"https:\/\/www.benevolenti.com\/de\/wp-json\/wp\/v2\/product_tag?post=22987"}],"curies":[{"name":"wp","href":"https:\/\/api.w.org\/{rel}","templated":true}]}}