{"id":22969,"date":"2025-11-15T15:30:42","date_gmt":"2025-11-15T14:30:42","guid":{"rendered":"https:\/\/www.benevolenti.com\/?post_type=product&#038;p=22969"},"modified":"2026-04-15T07:40:22","modified_gmt":"2026-04-15T05:40:22","slug":"manschetten-knoepfe","status":"publish","type":"product","link":"https:\/\/www.benevolenti.com\/de\/produkt\/manschetten-knoepfe\/","title":{"rendered":"MANSCHETTEN KN\u00d6PFE"},"content":{"rendered":"<p>Klassische Manschettenkn\u00f6pfe aus 925 Silber, italienisches Handwerk.<\/p>\n<p>Ein bleibendes Geschenk, eine Erinnerung an einen grossen Tag, ein Gl\u00fcckwunsch zum Erfolg, ein Ansporn f\u00fcr die grosse Karriere.<\/p>\n<p><em>PUR gl\u00e4nzend oder<\/em><br \/>\n<em>Z\u00dcRI diagonal matt<\/em><\/p>\n<p>in BENEVOLENTI Geschenkverpackung.<\/p>\n","protected":false},"excerpt":{"rendered":"<p>Klassische Manschettenkn\u00f6pfe aus 925 Silber, italienisches Handwerk. Ein bleibendes Geschenk, eine Erinnerung an einen grossen Tag, ein Gl\u00fcckwunsch zum Erfolg, ein Ansporn f\u00fcr die grosse Karriere. PUR gl\u00e4nzend oder Z\u00dcRI diagonal matt in BENEVOLENTI Geschenkverpackung.<\/p>\n","protected":false},"featured_media":22971,"comment_status":"open","ping_status":"closed","template":"","meta":[],"product_brand":[],"product_cat":[644,124],"product_tag":[],"class_list":{"0":"post-22969","1":"product","2":"type-product","3":"status-publish","4":"has-post-thumbnail","6":"product_cat-geschenke-fuer-ihn","7":"product_cat-fur-ihn","9":"first","10":"instock","11":"shipping-taxable","12":"purchasable","13":"product-type-variable"},"jetpack_sharing_enabled":true,"_links":{"self":[{"href":"https:\/\/www.benevolenti.com\/de\/wp-json\/wp\/v2\/product\/22969","targetHints":{"allow":["GET"]}}],"collection":[{"href":"https:\/\/www.benevolenti.com\/de\/wp-json\/wp\/v2\/product"}],"about":[{"href":"https:\/\/www.benevolenti.com\/de\/wp-json\/wp\/v2\/types\/product"}],"replies":[{"embeddable":true,"href":"https:\/\/www.benevolenti.com\/de\/wp-json\/wp\/v2\/comments?post=22969"}],"wp:featuredmedia":[{"embeddable":true,"href":"https:\/\/www.benevolenti.com\/de\/wp-json\/wp\/v2\/media\/22971"}],"wp:attachment":[{"href":"https:\/\/www.benevolenti.com\/de\/wp-json\/wp\/v2\/media?parent=22969"}],"wp:term":[{"taxonomy":"product_brand","embeddable":true,"href":"https:\/\/www.benevolenti.com\/de\/wp-json\/wp\/v2\/product_brand?post=22969"},{"taxonomy":"product_cat","embeddable":true,"href":"https:\/\/www.benevolenti.com\/de\/wp-json\/wp\/v2\/product_cat?post=22969"},{"taxonomy":"product_tag","embeddable":true,"href":"https:\/\/www.benevolenti.com\/de\/wp-json\/wp\/v2\/product_tag?post=22969"}],"curies":[{"name":"wp","href":"https:\/\/api.w.org\/{rel}","templated":true}]}}