{"id":22942,"date":"2025-11-02T21:43:53","date_gmt":"2025-11-02T20:43:53","guid":{"rendered":"https:\/\/www.benevolenti.com\/?post_type=product&#038;p=22942"},"modified":"2026-04-15T07:59:02","modified_gmt":"2026-04-15T05:59:02","slug":"anhaenger-glueck","status":"publish","type":"product","link":"https:\/\/www.benevolenti.com\/de\/produkt\/anhaenger-glueck\/","title":{"rendered":"Anh\u00e4nger Gl\u00fcck und langes Leben"},"content":{"rendered":"<p><span>Das Shou-Symbol l\u00e4sst sich bis ins alte China zur\u00fcckverfolgen, wo es den Wunsch nach Gl\u00fcck und einem langen und gesunden Leben ausdr\u00fcckte. Das Zeichen selbst leitet sich vom chinesischen Wort f\u00fcr \u201eLanglebigkeit\u201c ab. Das Shou-Symbol findet Eingang in verschiedene Aspekte der chinesischen Kultur, darunter Kunst, Literatur und traditionelle Medizin und dient als positives und gl\u00fccksbringendes Zeichen.<\/span><\/p>\n<p>Der Rauchquarz schenkt Entspannung und Ruhe, was sich in einem stressigen Leben positiv auf die Langlebigkeit auswirkt.<\/p>\n<p>Hier wurde das Shou-Symbol auf einen ovalen Rauchquarz eingeritzt, die Gr\u00f6sse betr\u00e4gt ca. 2x3cm. Oese in 925 Silber oder vegoldetem 925 Silber.<\/p>\n","protected":false},"excerpt":{"rendered":"<p>Das Shou-Symbol l\u00e4sst sich bis ins alte China zur\u00fcckverfolgen, wo es den Wunsch nach Gl\u00fcck und einem langen und gesunden Leben ausdr\u00fcckte. Das Zeichen selbst leitet sich vom chinesischen Wort f\u00fcr \u201eLanglebigkeit\u201c ab. Das Shou-Symbol findet Eingang in verschiedene Aspekte der chinesischen Kultur, darunter Kunst, Literatur und traditionelle Medizin und&#8230; <a class=\"more-link\" href=\"https:\/\/www.benevolenti.com\/de\/produkt\/anhaenger-glueck\/\">Mehr<\/a><\/p>\n","protected":false},"featured_media":22943,"comment_status":"open","ping_status":"closed","template":"","meta":[],"product_brand":[],"product_cat":[334,587],"product_tag":[631],"class_list":{"0":"post-22942","1":"product","2":"type-product","3":"status-publish","4":"has-post-thumbnail","6":"product_cat-anhanger","7":"product_cat-ausgeglichenheit-gelassenheit","8":"product_tag-rauchquarz","10":"first","11":"instock","12":"shipping-taxable","13":"purchasable","14":"product-type-variable"},"jetpack_sharing_enabled":true,"_links":{"self":[{"href":"https:\/\/www.benevolenti.com\/de\/wp-json\/wp\/v2\/product\/22942","targetHints":{"allow":["GET"]}}],"collection":[{"href":"https:\/\/www.benevolenti.com\/de\/wp-json\/wp\/v2\/product"}],"about":[{"href":"https:\/\/www.benevolenti.com\/de\/wp-json\/wp\/v2\/types\/product"}],"replies":[{"embeddable":true,"href":"https:\/\/www.benevolenti.com\/de\/wp-json\/wp\/v2\/comments?post=22942"}],"wp:featuredmedia":[{"embeddable":true,"href":"https:\/\/www.benevolenti.com\/de\/wp-json\/wp\/v2\/media\/22943"}],"wp:attachment":[{"href":"https:\/\/www.benevolenti.com\/de\/wp-json\/wp\/v2\/media?parent=22942"}],"wp:term":[{"taxonomy":"product_brand","embeddable":true,"href":"https:\/\/www.benevolenti.com\/de\/wp-json\/wp\/v2\/product_brand?post=22942"},{"taxonomy":"product_cat","embeddable":true,"href":"https:\/\/www.benevolenti.com\/de\/wp-json\/wp\/v2\/product_cat?post=22942"},{"taxonomy":"product_tag","embeddable":true,"href":"https:\/\/www.benevolenti.com\/de\/wp-json\/wp\/v2\/product_tag?post=22942"}],"curies":[{"name":"wp","href":"https:\/\/api.w.org\/{rel}","templated":true}]}}