{"id":22933,"date":"2025-11-01T16:52:05","date_gmt":"2025-11-01T15:52:05","guid":{"rendered":"https:\/\/www.benevolenti.com\/?post_type=product&#038;p=22933"},"modified":"2026-04-15T07:59:21","modified_gmt":"2026-04-15T05:59:21","slug":"anhaenger-set-herzen","status":"publish","type":"product","link":"https:\/\/www.benevolenti.com\/de\/produkt\/anhaenger-set-herzen\/","title":{"rendered":"ANH\u00c4NGER SET Herzen"},"content":{"rendered":"<p>Ein farbenfrohes SET von ausgesuchten Herzanh\u00e4ngern.<\/p>\n<p>Jeden Morgen l\u00e4sst sich so seinen ganz pers\u00f6nlichen Stein aussuchen als Begleiter durch den Tag. Ob eine Jade zum Ausgleich, ein schwarzer Turmalin f\u00fcr Schutz, ein Karneol f\u00fcr Mut oder ein Aventurin f\u00fcr Unternehmungslust, ein Tigerauge f\u00fcr den Durchblick, ein Rosenquarz f\u00fcrs Herz oder ein Amethyst f\u00fcr Konzentration und Ruhe, hier ist f\u00fcr jeden Moment etwas dabei.<\/p>\n<p>Geschenkschachtel mit 8 Edelsteinen und Steinbeschreibung, Wunschk\u00e4rtchen und kostenloser Versand.<br \/>\n925 Silber, vergoldetes 925 Silber, ros\u00e9-vergoldetes 925 Silber.<br \/>\nKettenl\u00e4nge 42cm.<\/p>\n","protected":false},"excerpt":{"rendered":"<p>Ein farbenfrohes SET von ausgesuchten Herzanh\u00e4ngern. Jeden Morgen l\u00e4sst sich so seinen ganz pers\u00f6nlichen Stein aussuchen als Begleiter durch den Tag. Ob eine Jade zum Ausgleich, ein schwarzer Turmalin f\u00fcr Schutz, ein Karneol f\u00fcr Mut oder ein Aventurin f\u00fcr Unternehmungslust, ein Tigerauge f\u00fcr den Durchblick, ein Rosenquarz f\u00fcrs Herz oder&#8230; <a class=\"more-link\" href=\"https:\/\/www.benevolenti.com\/de\/produkt\/anhaenger-set-herzen\/\">Mehr<\/a><\/p>\n","protected":false},"featured_media":22934,"comment_status":"open","ping_status":"closed","template":"","meta":[],"product_brand":[],"product_cat":[320,645,742,332],"product_tag":[448,619,623,245,596,610,699,453],"class_list":{"0":"post-22933","1":"product","2":"type-product","3":"status-publish","4":"has-post-thumbnail","6":"product_cat-familie","7":"product_cat-geschenke-fuer-kinder","8":"product_cat-kinderhals-2","9":"product_cat-ketten","10":"product_tag-amethyst","11":"product_tag-aventurin","12":"product_tag-erdbeerquarz","13":"product_tag-jade-de","14":"product_tag-karneol","15":"product_tag-rosenquarz","16":"product_tag-tigerauge","17":"product_tag-turmalin","19":"first","20":"instock","21":"shipping-taxable","22":"purchasable","23":"product-type-variable"},"jetpack_sharing_enabled":true,"_links":{"self":[{"href":"https:\/\/www.benevolenti.com\/de\/wp-json\/wp\/v2\/product\/22933","targetHints":{"allow":["GET"]}}],"collection":[{"href":"https:\/\/www.benevolenti.com\/de\/wp-json\/wp\/v2\/product"}],"about":[{"href":"https:\/\/www.benevolenti.com\/de\/wp-json\/wp\/v2\/types\/product"}],"replies":[{"embeddable":true,"href":"https:\/\/www.benevolenti.com\/de\/wp-json\/wp\/v2\/comments?post=22933"}],"wp:featuredmedia":[{"embeddable":true,"href":"https:\/\/www.benevolenti.com\/de\/wp-json\/wp\/v2\/media\/22934"}],"wp:attachment":[{"href":"https:\/\/www.benevolenti.com\/de\/wp-json\/wp\/v2\/media?parent=22933"}],"wp:term":[{"taxonomy":"product_brand","embeddable":true,"href":"https:\/\/www.benevolenti.com\/de\/wp-json\/wp\/v2\/product_brand?post=22933"},{"taxonomy":"product_cat","embeddable":true,"href":"https:\/\/www.benevolenti.com\/de\/wp-json\/wp\/v2\/product_cat?post=22933"},{"taxonomy":"product_tag","embeddable":true,"href":"https:\/\/www.benevolenti.com\/de\/wp-json\/wp\/v2\/product_tag?post=22933"}],"curies":[{"name":"wp","href":"https:\/\/api.w.org\/{rel}","templated":true}]}}