{"id":22907,"date":"2025-11-01T07:22:37","date_gmt":"2025-11-01T06:22:37","guid":{"rendered":"https:\/\/www.benevolenti.com\/?post_type=product&#038;p=22907"},"modified":"2026-04-15T07:59:52","modified_gmt":"2026-04-15T05:59:52","slug":"armband-seide-kuerbis","status":"publish","type":"product","link":"https:\/\/www.benevolenti.com\/de\/produkt\/armband-seide-kuerbis\/","title":{"rendered":"ARMBAND Seide K\u00fcrbis"},"content":{"rendered":"<p>Hey little pumpkin!<\/p>\n<p>Ein Armband aus 100% Seide begleitet von einem starken Edelstein in K\u00fcrbis-Form und dem klassischen BENEVOLENTI Tag. Die Seide wird fest verkn\u00fcpft und begleitet dich so jeden Tag. Neben den abgebildeten Amethyst, Citrin, Iolith, Labradorit, Muskovit und Pinkopal ist auch der Rosenquarz w\u00e4hlbar, nat\u00fcrlich auf einer ros\u00e9 Seide.<\/p>\n<p>Die Karte ist handgeschrieben, ich personalisiere sehr gerne den Wunsch oder schreibe etwas komplett anderes, einfach ein Mail an mich schreiben: <a href=\"mailto:claudia@benevolenti.com\">Claudia<\/a>.<\/p>\n<p>Das Armband mit Seide und K\u00fcrbis wird in sorgf\u00e4ltiger Verpackung direkt zu dir nach Hause geliefert, ohne zus\u00e4tzliche Versandkosten.<\/p>\n<p>Die Seide ist dir zu breit? Dann schau doch mal hier rein: <a href=\"https:\/\/www.benevolenti.com\/de\/produkt\/wunsch-armband-mini-eibenbeere\/?_gl=1*1cxj4qb*_up*MQ..*_ga*MjA2ODM4MDM4Ny4xNzQyMTk3OTEy*_ga_P5C85TRS11*czE3NjE5Nzc5NDIkbzE0NiRnMCR0MTc2MTk3Nzk0MiRqNjAkbDAkaDA.\">Wunscharmband Eibenbeere<\/a>.<\/p>\n<p>Edelstein, (vergoldetes) 925 Silber, 100%.<\/p>\n","protected":false},"excerpt":{"rendered":"<p>Hey little pumpkin! Ein Armband aus 100% Seide begleitet von einem starken Edelstein in K\u00fcrbis-Form und dem klassischen BENEVOLENTI Tag. Die Seide wird fest verkn\u00fcpft und begleitet dich so jeden Tag. Neben den abgebildeten Amethyst, Citrin, Iolith, Labradorit, Muskovit und Pinkopal ist auch der Rosenquarz w\u00e4hlbar, nat\u00fcrlich auf einer ros\u00e9&#8230; <a class=\"more-link\" href=\"https:\/\/www.benevolenti.com\/de\/produkt\/armband-seide-kuerbis\/\">Mehr<\/a><\/p>\n","protected":false},"featured_media":22915,"comment_status":"open","ping_status":"closed","template":"","meta":[],"product_brand":[],"product_cat":[336],"product_tag":[448,601,627,634,605,730,610],"class_list":{"0":"post-22907","1":"product","2":"type-product","3":"status-publish","4":"has-post-thumbnail","6":"product_cat-seide","7":"product_tag-amethyst","8":"product_tag-citrin","9":"product_tag-iolith","10":"product_tag-labradorit","11":"product_tag-muskovit","12":"product_tag-opal","13":"product_tag-rosenquarz","15":"first","16":"instock","17":"shipping-taxable","18":"purchasable","19":"product-type-variable"},"jetpack_sharing_enabled":true,"_links":{"self":[{"href":"https:\/\/www.benevolenti.com\/de\/wp-json\/wp\/v2\/product\/22907","targetHints":{"allow":["GET"]}}],"collection":[{"href":"https:\/\/www.benevolenti.com\/de\/wp-json\/wp\/v2\/product"}],"about":[{"href":"https:\/\/www.benevolenti.com\/de\/wp-json\/wp\/v2\/types\/product"}],"replies":[{"embeddable":true,"href":"https:\/\/www.benevolenti.com\/de\/wp-json\/wp\/v2\/comments?post=22907"}],"wp:featuredmedia":[{"embeddable":true,"href":"https:\/\/www.benevolenti.com\/de\/wp-json\/wp\/v2\/media\/22915"}],"wp:attachment":[{"href":"https:\/\/www.benevolenti.com\/de\/wp-json\/wp\/v2\/media?parent=22907"}],"wp:term":[{"taxonomy":"product_brand","embeddable":true,"href":"https:\/\/www.benevolenti.com\/de\/wp-json\/wp\/v2\/product_brand?post=22907"},{"taxonomy":"product_cat","embeddable":true,"href":"https:\/\/www.benevolenti.com\/de\/wp-json\/wp\/v2\/product_cat?post=22907"},{"taxonomy":"product_tag","embeddable":true,"href":"https:\/\/www.benevolenti.com\/de\/wp-json\/wp\/v2\/product_tag?post=22907"}],"curies":[{"name":"wp","href":"https:\/\/api.w.org\/{rel}","templated":true}]}}